{"id":48745,"date":"2026-01-27T22:10:52","date_gmt":"2026-01-27T22:10:52","guid":{"rendered":"https:\/\/www.deporteseli.com\/?product=pantalon-adidas-hb5329"},"modified":"2026-03-07T06:43:47","modified_gmt":"2026-03-07T06:43:47","slug":"pantalon-adidas-hb5329","status":"publish","type":"product","link":"https:\/\/www.deporteseli.com\/?product=pantalon-adidas-hb5329","title":{"rendered":"PANTALON ADIDAS HB5329"},"content":{"rendered":"<p>Descripci\u00f3n  Al igual que el resto de la colecci\u00f3n Entrada 22, este pantal\u00f3n de f\u00fatbol adidas se ha dise\u00f1ado para destacar. Presenta un dise\u00f1o cl\u00e1sico y elegante que dar\u00e1 a tu equipo una est\u00e9tica uniforme dentro y fuera del terreno de juego. El tejido transpirable AEROREADY mantiene la piel c\u00f3moda y seca. Las cremalleras en los tobillos te permiten quit\u00e1rtelo r\u00e1pidamente cuando es hora de pasar a la acci\u00f3n.  Este producto se ha fabricado con un 100% de material reciclado. Su objetivo es plantear otra soluci\u00f3n m\u00e1s que ayude a eliminar los residuos pl\u00e1sticos.                                                                                                                                                                                                                                                                                                                                                                                                                                                                                                                                                                                                                                                                                                                                                                                                                                                                                                                                                                                                                                        <\/p>\n","protected":false},"excerpt":{"rendered":"<p>PANTALON ADIDAS HB5329<\/p>\n","protected":false},"featured_media":60757,"template":"","meta":[],"product_brand":[],"product_cat":[252],"product_tag":[18],"class_list":{"0":"post-48745","1":"product","2":"type-product","3":"status-publish","4":"has-post-thumbnail","6":"product_cat-hombre_textil_pantalones","7":"product_tag-adidas","8":"pa_color-unico","9":"pa_talla-l","10":"pa_talla-s","11":"pa_talla-xl","12":"thunk-woo-product-list","13":"opn-qv-enable","14":"open-woo-hover-","15":"open-single-product-tab-horizontal","16":"open-shadow-","17":"open-shadow-hover-","19":"first","20":"instock","21":"shipping-taxable","22":"purchasable","23":"product-type-variable"},"jetpack_sharing_enabled":true,"_links":{"self":[{"href":"https:\/\/www.deporteseli.com\/index.php?rest_route=\/wp\/v2\/product\/48745","targetHints":{"allow":["GET"]}}],"collection":[{"href":"https:\/\/www.deporteseli.com\/index.php?rest_route=\/wp\/v2\/product"}],"about":[{"href":"https:\/\/www.deporteseli.com\/index.php?rest_route=\/wp\/v2\/types\/product"}],"wp:featuredmedia":[{"embeddable":true,"href":"https:\/\/www.deporteseli.com\/index.php?rest_route=\/wp\/v2\/media\/60757"}],"wp:attachment":[{"href":"https:\/\/www.deporteseli.com\/index.php?rest_route=%2Fwp%2Fv2%2Fmedia&parent=48745"}],"wp:term":[{"taxonomy":"product_brand","embeddable":true,"href":"https:\/\/www.deporteseli.com\/index.php?rest_route=%2Fwp%2Fv2%2Fproduct_brand&post=48745"},{"taxonomy":"product_cat","embeddable":true,"href":"https:\/\/www.deporteseli.com\/index.php?rest_route=%2Fwp%2Fv2%2Fproduct_cat&post=48745"},{"taxonomy":"product_tag","embeddable":true,"href":"https:\/\/www.deporteseli.com\/index.php?rest_route=%2Fwp%2Fv2%2Fproduct_tag&post=48745"}],"curies":[{"name":"wp","href":"https:\/\/api.w.org\/{rel}","templated":true}]}}