{"id":48737,"date":"2026-01-27T22:10:39","date_gmt":"2026-01-27T22:10:39","guid":{"rendered":"https:\/\/www.deporteseli.com\/?product=tenis-adidas-jr8704"},"modified":"2026-04-08T04:17:58","modified_gmt":"2026-04-08T04:17:58","slug":"tenis-adidas-jr8704","status":"publish","type":"product","link":"https:\/\/www.deporteseli.com\/?product=tenis-adidas-jr8704","title":{"rendered":"TENIS ADIDAS JR8704"},"content":{"rendered":"<p>Descripci\u00f3n  Luce un dise\u00f1o retro sin renunciar a la comodidad. Esta zapatilla adidas se inspira en el estilo de los 80 con llamativas combinaciones de color y las emblem\u00e1ticas 3 bandas. Presenta un empeine de malla ligera y transpirable con refuerzos de piel y material sint\u00e9tico que aportan mayor sujeci\u00f3n al pie. La suela de goma flexible te proporciona un agarre excelente en tus quehaceres cotidianos.                                                                                                                                                                                                                                                                                                                                                                                                                                                                                                                                                                                                                                                                                                                                                                                                                                                                                                                                                                                                                                        <\/p>\n","protected":false},"excerpt":{"rendered":"<p>TENIS ADIDAS JR8704<\/p>\n","protected":false},"featured_media":60749,"template":"","meta":[],"product_brand":[],"product_cat":[261],"product_tag":[18],"class_list":{"0":"post-48737","1":"product","2":"type-product","3":"status-publish","4":"has-post-thumbnail","6":"product_cat-hombre_calzado_casual","7":"product_tag-adidas","8":"pa_color-unico","9":"pa_talla-153","10":"pa_talla-42-5","11":"pa_talla-44-5","12":"thunk-woo-product-list","13":"opn-qv-enable","14":"open-woo-hover-","15":"open-single-product-tab-horizontal","16":"open-shadow-","17":"open-shadow-hover-","19":"first","20":"instock","21":"sale","22":"shipping-taxable","23":"purchasable","24":"product-type-variable"},"jetpack_sharing_enabled":true,"_links":{"self":[{"href":"https:\/\/www.deporteseli.com\/index.php?rest_route=\/wp\/v2\/product\/48737","targetHints":{"allow":["GET"]}}],"collection":[{"href":"https:\/\/www.deporteseli.com\/index.php?rest_route=\/wp\/v2\/product"}],"about":[{"href":"https:\/\/www.deporteseli.com\/index.php?rest_route=\/wp\/v2\/types\/product"}],"wp:featuredmedia":[{"embeddable":true,"href":"https:\/\/www.deporteseli.com\/index.php?rest_route=\/wp\/v2\/media\/60749"}],"wp:attachment":[{"href":"https:\/\/www.deporteseli.com\/index.php?rest_route=%2Fwp%2Fv2%2Fmedia&parent=48737"}],"wp:term":[{"taxonomy":"product_brand","embeddable":true,"href":"https:\/\/www.deporteseli.com\/index.php?rest_route=%2Fwp%2Fv2%2Fproduct_brand&post=48737"},{"taxonomy":"product_cat","embeddable":true,"href":"https:\/\/www.deporteseli.com\/index.php?rest_route=%2Fwp%2Fv2%2Fproduct_cat&post=48737"},{"taxonomy":"product_tag","embeddable":true,"href":"https:\/\/www.deporteseli.com\/index.php?rest_route=%2Fwp%2Fv2%2Fproduct_tag&post=48737"}],"curies":[{"name":"wp","href":"https:\/\/api.w.org\/{rel}","templated":true}]}}