{"id":48730,"date":"2026-01-27T22:10:27","date_gmt":"2026-01-27T22:10:27","guid":{"rendered":"https:\/\/www.deporteseli.com\/?product=camisa-adidas-jx2803"},"modified":"2026-03-07T06:43:43","modified_gmt":"2026-03-07T06:43:43","slug":"camisa-adidas-jx2803","status":"publish","type":"product","link":"https:\/\/www.deporteseli.com\/?product=camisa-adidas-jx2803","title":{"rendered":"CAMISA ADIDAS JX2803"},"content":{"rendered":"<p>Una camiseta vers\u00e1til dise\u00f1ada para levantar pesas, confeccionada con materiales reciclados.  Libera tu mejor versi\u00f3n. Entrena como quieras con esta camiseta adidas dise\u00f1ada para el movimiento. Te sentir\u00e1s c\u00f3modo gracias a AEROREADY, que gestiona la humedad cuando la actividad se intensifica. El dise\u00f1o te ofrece total libertad de movimiento, as\u00ed que no esperes m\u00e1s y haz otro levantamiento de pesas. Este producto est\u00e1 fabricado con materiales 100 % reciclados. Al reutilizar materiales ya creados, contribuimos a reducir los residuos y nuestra dependencia de recursos finitos, as\u00ed como la huella ecol\u00f3gica de los productos que fabricamos.                                                                                                                                                                                                                                                                                                                                                                                                                                                                                                                                                                                                                                                                                                                                                                                                                                                                                                                                                                                                                                        <\/p>\n","protected":false},"excerpt":{"rendered":"<p>CAMISA ADIDAS JX2803<\/p>\n","protected":false},"featured_media":60743,"template":"","meta":[],"product_brand":[],"product_cat":[245],"product_tag":[18],"class_list":{"0":"post-48730","1":"product","2":"type-product","3":"status-publish","4":"has-post-thumbnail","6":"product_cat-hombre_textil_camisetas","7":"product_tag-adidas","8":"pa_color-unico","9":"pa_talla-l","10":"pa_talla-xl","11":"thunk-woo-product-list","12":"opn-qv-enable","13":"open-woo-hover-","14":"open-single-product-tab-horizontal","15":"open-shadow-","16":"open-shadow-hover-","18":"first","19":"instock","20":"shipping-taxable","21":"purchasable","22":"product-type-variable"},"jetpack_sharing_enabled":true,"_links":{"self":[{"href":"https:\/\/www.deporteseli.com\/index.php?rest_route=\/wp\/v2\/product\/48730","targetHints":{"allow":["GET"]}}],"collection":[{"href":"https:\/\/www.deporteseli.com\/index.php?rest_route=\/wp\/v2\/product"}],"about":[{"href":"https:\/\/www.deporteseli.com\/index.php?rest_route=\/wp\/v2\/types\/product"}],"wp:featuredmedia":[{"embeddable":true,"href":"https:\/\/www.deporteseli.com\/index.php?rest_route=\/wp\/v2\/media\/60743"}],"wp:attachment":[{"href":"https:\/\/www.deporteseli.com\/index.php?rest_route=%2Fwp%2Fv2%2Fmedia&parent=48730"}],"wp:term":[{"taxonomy":"product_brand","embeddable":true,"href":"https:\/\/www.deporteseli.com\/index.php?rest_route=%2Fwp%2Fv2%2Fproduct_brand&post=48730"},{"taxonomy":"product_cat","embeddable":true,"href":"https:\/\/www.deporteseli.com\/index.php?rest_route=%2Fwp%2Fv2%2Fproduct_cat&post=48730"},{"taxonomy":"product_tag","embeddable":true,"href":"https:\/\/www.deporteseli.com\/index.php?rest_route=%2Fwp%2Fv2%2Fproduct_tag&post=48730"}],"curies":[{"name":"wp","href":"https:\/\/api.w.org\/{rel}","templated":true}]}}