{"id":48719,"date":"2026-01-27T22:10:09","date_gmt":"2026-01-27T22:10:09","guid":{"rendered":"https:\/\/www.deporteseli.com\/?product=sudadera-adidas-jn2431"},"modified":"2026-03-08T05:18:12","modified_gmt":"2026-03-08T05:18:12","slug":"sudadera-adidas-jn2431","status":"publish","type":"product","link":"https:\/\/www.deporteseli.com\/?product=sudadera-adidas-jn2431","title":{"rendered":"SUDADERA ADIDAS JN2431"},"content":{"rendered":"<p>Descripci\u00f3n  Un d\u00eda ajetreado requiere una prenda que pueda aguantar el ritmo. Esta sudadera con capucha adidas para adolescentes est\u00e1 confeccionada en suave felpa y tiene un corte vers\u00e1til para llevarla c\u00f3modamente sobre tus camisetas favoritas. El atrevido estampado de adidas en el pecho no deja lugar a dudas sobre tu amor por el estilo de las 3 bandas.                                                                                                                                                                                                                                                                                                                                                                                                                                                                                                                                                                                                                                                                                                                                                                                                                                                                                                                                                                                                                                        <\/p>\n","protected":false},"excerpt":{"rendered":"<p>SUDADERA ADIDAS JN2431<\/p>\n","protected":false},"featured_media":60738,"template":"","meta":[],"product_brand":[],"product_cat":[302],"product_tag":[18],"class_list":{"0":"post-48719","1":"product","2":"type-product","3":"status-publish","4":"has-post-thumbnail","6":"product_cat-nino_textil_sudaderas","7":"product_tag-adidas","8":"pa_color-unico","9":"pa_talla-t-10","10":"pa_talla-t-12","11":"pa_talla-t-8","12":"thunk-woo-product-list","13":"opn-qv-enable","14":"open-woo-hover-","15":"open-single-product-tab-horizontal","16":"open-shadow-","17":"open-shadow-hover-","19":"first","20":"instock","21":"shipping-taxable","22":"purchasable","23":"product-type-variable"},"jetpack_sharing_enabled":true,"_links":{"self":[{"href":"https:\/\/www.deporteseli.com\/index.php?rest_route=\/wp\/v2\/product\/48719","targetHints":{"allow":["GET"]}}],"collection":[{"href":"https:\/\/www.deporteseli.com\/index.php?rest_route=\/wp\/v2\/product"}],"about":[{"href":"https:\/\/www.deporteseli.com\/index.php?rest_route=\/wp\/v2\/types\/product"}],"wp:featuredmedia":[{"embeddable":true,"href":"https:\/\/www.deporteseli.com\/index.php?rest_route=\/wp\/v2\/media\/60738"}],"wp:attachment":[{"href":"https:\/\/www.deporteseli.com\/index.php?rest_route=%2Fwp%2Fv2%2Fmedia&parent=48719"}],"wp:term":[{"taxonomy":"product_brand","embeddable":true,"href":"https:\/\/www.deporteseli.com\/index.php?rest_route=%2Fwp%2Fv2%2Fproduct_brand&post=48719"},{"taxonomy":"product_cat","embeddable":true,"href":"https:\/\/www.deporteseli.com\/index.php?rest_route=%2Fwp%2Fv2%2Fproduct_cat&post=48719"},{"taxonomy":"product_tag","embeddable":true,"href":"https:\/\/www.deporteseli.com\/index.php?rest_route=%2Fwp%2Fv2%2Fproduct_tag&post=48719"}],"curies":[{"name":"wp","href":"https:\/\/api.w.org\/{rel}","templated":true}]}}