{"id":48717,"date":"2026-01-27T22:10:06","date_gmt":"2026-01-27T22:10:06","guid":{"rendered":"https:\/\/www.deporteseli.com\/?product=guantes-adidas-jn5353"},"modified":"2026-02-25T05:19:20","modified_gmt":"2026-02-25T05:19:20","slug":"guantes-adidas-jn5353","status":"publish","type":"product","link":"https:\/\/www.deporteseli.com\/?product=guantes-adidas-jn5353","title":{"rendered":"GUANTES ADIDAS JN5353"},"content":{"rendered":"<p>Descripci\u00f3n  Para cualquier tiro con estos guantes de portero adidas Predator Match Fingersave. La palma de l\u00e1tex Soft Grip Pro que amortigua los impactos y las varillas firmes pero flexibles en los dedos te permiten realizar saques y despejes con total confianza. La mu\u00f1equera que envuelve la mu\u00f1eca con media vuelta te permite jugar con estabilidad y comodidad.  Caracter\u00edsticas del Producto  Detalles del guante de portero: Corte positivo: proporciona un ajuste bueno y c\u00f3modo con una gran \u00e1rea de contacto con el bal\u00f3n.  Detalles del guante de portero: Correa de mu\u00f1eca de media envoltura &#8211; Construcci\u00f3n de correa de mu\u00f1eca liviana.  Detalles del guante de portero: Fingersave: las espinas de los dedos se endurecen y resisten la presi\u00f3n cuando se empujan hacia atr\u00e1s para una desviaci\u00f3n eficaz de la pelota.  Detalles del guante de portero: URG 3.0: Es el modelo base de la inigualable serie Urg de adidas. Ofrece un excelente agarre y comodidad. Recomendamos esta espuma para todas las condiciones. Para maximizar su vida \u00fatil, limpie siempre la espuma despu\u00e9s de usarla.  Detalles del guante de portero: Pu\u00f1o ventilado &#8211; Cierre con abertura en la mu\u00f1eca para una mayor libertad de movimiento y una entrada f\u00e1cil.                                                                                                                                                                                                                                                                                                                                                                                                                                                                                                                                                                                                                                                                                                                                                                                                                                                                                                                                                                                                                                        <\/p>\n","protected":false},"excerpt":{"rendered":"<p>GUANTES ADIDAS JN5353<\/p>\n","protected":false},"featured_media":60734,"template":"","meta":[],"product_brand":[],"product_cat":[328],"product_tag":[18],"class_list":{"0":"post-48717","1":"product","2":"type-product","3":"status-publish","4":"has-post-thumbnail","6":"product_cat-deportes_futbol_porteros","7":"product_tag-adidas","8":"pa_color-unico","9":"pa_talla-t-9","10":"thunk-woo-product-list","11":"opn-qv-enable","12":"open-woo-hover-","13":"open-single-product-tab-horizontal","14":"open-shadow-","15":"open-shadow-hover-","17":"first","18":"instock","19":"shipping-taxable","20":"purchasable","21":"product-type-variable"},"jetpack_sharing_enabled":true,"_links":{"self":[{"href":"https:\/\/www.deporteseli.com\/index.php?rest_route=\/wp\/v2\/product\/48717","targetHints":{"allow":["GET"]}}],"collection":[{"href":"https:\/\/www.deporteseli.com\/index.php?rest_route=\/wp\/v2\/product"}],"about":[{"href":"https:\/\/www.deporteseli.com\/index.php?rest_route=\/wp\/v2\/types\/product"}],"wp:featuredmedia":[{"embeddable":true,"href":"https:\/\/www.deporteseli.com\/index.php?rest_route=\/wp\/v2\/media\/60734"}],"wp:attachment":[{"href":"https:\/\/www.deporteseli.com\/index.php?rest_route=%2Fwp%2Fv2%2Fmedia&parent=48717"}],"wp:term":[{"taxonomy":"product_brand","embeddable":true,"href":"https:\/\/www.deporteseli.com\/index.php?rest_route=%2Fwp%2Fv2%2Fproduct_brand&post=48717"},{"taxonomy":"product_cat","embeddable":true,"href":"https:\/\/www.deporteseli.com\/index.php?rest_route=%2Fwp%2Fv2%2Fproduct_cat&post=48717"},{"taxonomy":"product_tag","embeddable":true,"href":"https:\/\/www.deporteseli.com\/index.php?rest_route=%2Fwp%2Fv2%2Fproduct_tag&post=48717"}],"curies":[{"name":"wp","href":"https:\/\/api.w.org\/{rel}","templated":true}]}}