{"id":48713,"date":"2026-01-27T22:10:00","date_gmt":"2026-01-27T22:10:00","guid":{"rendered":"https:\/\/www.deporteseli.com\/?product=guantes-adidas-jn5345"},"modified":"2026-04-18T04:19:49","modified_gmt":"2026-04-18T04:19:49","slug":"guantes-adidas-jn5345","status":"publish","type":"product","link":"https:\/\/www.deporteseli.com\/?product=guantes-adidas-jn5345","title":{"rendered":"GUANTES ADIDAS JN5345"},"content":{"rendered":"<p>Descripci\u00f3n  Cada partido, de principio a fin, sin perderte nada. Estos guantes de portero adidas Copa League junior cuentan con un dorso de l\u00e1tex y una palma URG 3.0 de gran agarre, combinando un estilo cl\u00e1sico con un rendimiento innovador. La mu\u00f1equera el\u00e1stica envuelve la mu\u00f1eca con media vuelta, proporcionando una sujeci\u00f3n excepcional, mientras que el corte negativo en los dedos te garantiza un ajuste preciso y un contacto natural con el bal\u00f3n.  Caracter\u00edsticas del Producto  Detalles del guante de portero: Envoltura para el pulgar: l\u00e1tex adicional que cubre el pulgar para una mayor cobertura de agarre.  Detalles del guante de portero: Corte negativo: el corte negativo proporciona un ajuste ce\u00f1ido y c\u00f3modo en todo el dedo.  Detalles del guante de portero: Mu\u00f1equera de l\u00e1tex con funci\u00f3n el\u00e1stica: ofrece un ajuste personalizable y una gran estabilizaci\u00f3n.  Detalles del guante de portero: URG 3.0: Es el modelo base de la inigualable serie Urg de adidas. Ofrece un excelente agarre y comodidad. Recomendamos esta espuma para todas las condiciones. Para maximizar su vida \u00fatil, limpie siempre la espuma despu\u00e9s de usarla.  Detalles del guante de portero: Malla acanalada   dorso de l\u00e1tex: para mayor comodidad y soporte.                                                                                                                                                                                                                                                                                                                                                                                                                                                                                                                                                                                                                                                                                                                                                                                                                                                                                                                                                                                                                                        <\/p>\n","protected":false},"excerpt":{"rendered":"<p>GUANTES ADIDAS JN5345<\/p>\n","protected":false},"featured_media":60730,"template":"","meta":[],"product_brand":[],"product_cat":[322],"product_tag":[18],"class_list":{"0":"post-48713","1":"product","2":"type-product","3":"status-publish","4":"has-post-thumbnail","6":"product_cat-deportes_futbol_guantes_portero","7":"product_tag-adidas","8":"pa_color-unico","9":"pa_talla-168","10":"pa_talla-169","11":"pa_talla-170","12":"thunk-woo-product-list","13":"opn-qv-enable","14":"open-woo-hover-","15":"open-single-product-tab-horizontal","16":"open-shadow-","17":"open-shadow-hover-","19":"first","20":"instock","21":"shipping-taxable","22":"purchasable","23":"product-type-variable"},"jetpack_sharing_enabled":true,"_links":{"self":[{"href":"https:\/\/www.deporteseli.com\/index.php?rest_route=\/wp\/v2\/product\/48713","targetHints":{"allow":["GET"]}}],"collection":[{"href":"https:\/\/www.deporteseli.com\/index.php?rest_route=\/wp\/v2\/product"}],"about":[{"href":"https:\/\/www.deporteseli.com\/index.php?rest_route=\/wp\/v2\/types\/product"}],"wp:featuredmedia":[{"embeddable":true,"href":"https:\/\/www.deporteseli.com\/index.php?rest_route=\/wp\/v2\/media\/60730"}],"wp:attachment":[{"href":"https:\/\/www.deporteseli.com\/index.php?rest_route=%2Fwp%2Fv2%2Fmedia&parent=48713"}],"wp:term":[{"taxonomy":"product_brand","embeddable":true,"href":"https:\/\/www.deporteseli.com\/index.php?rest_route=%2Fwp%2Fv2%2Fproduct_brand&post=48713"},{"taxonomy":"product_cat","embeddable":true,"href":"https:\/\/www.deporteseli.com\/index.php?rest_route=%2Fwp%2Fv2%2Fproduct_cat&post=48713"},{"taxonomy":"product_tag","embeddable":true,"href":"https:\/\/www.deporteseli.com\/index.php?rest_route=%2Fwp%2Fv2%2Fproduct_tag&post=48713"}],"curies":[{"name":"wp","href":"https:\/\/api.w.org\/{rel}","templated":true}]}}