{"id":48693,"date":"2026-01-27T22:09:32","date_gmt":"2026-01-27T22:09:32","guid":{"rendered":"https:\/\/www.deporteseli.com\/?product=guantes-adidas-jm6828"},"modified":"2026-01-27T22:09:34","modified_gmt":"2026-01-27T22:09:34","slug":"guantes-adidas-jm6828","status":"publish","type":"product","link":"https:\/\/www.deporteseli.com\/?product=guantes-adidas-jm6828","title":{"rendered":"GUANTES ADIDAS JM6828"},"content":{"rendered":"<p>Descripci\u00f3n  Ataja cada bal\u00f3n con estos guantes de portero adidas Predator Match Fingersave. La palma de l\u00e1tex Soft Grip Pro que amortigua los impactos y las varillas firmes pero flexibles en los dedos te permiten realizar saques y despejes con total confianza. La correa que envuelve la mu\u00f1eca con media vuelta te ofrece la estabilidad y comodidad que necesitas para brillar bajo los palos.                                                                                                                                                                                                                                                                                                                                                                                                                                                                                                                                                                                                                                                                                                                                                                                                                                                                                                                                                                                                                                        <\/p>\n","protected":false},"excerpt":{"rendered":"<p>GUANTES ADIDAS JM6828<\/p>\n","protected":false},"featured_media":60713,"template":"","meta":[],"product_brand":[],"product_cat":[322],"product_tag":[18],"class_list":{"0":"post-48693","1":"product","2":"type-product","3":"status-publish","4":"has-post-thumbnail","6":"product_cat-deportes_futbol_guantes_portero","7":"product_tag-adidas","8":"pa_color-unico","9":"pa_talla-t-9","10":"thunk-woo-product-list","11":"opn-qv-enable","12":"open-woo-hover-","13":"open-single-product-tab-horizontal","14":"open-shadow-","15":"open-shadow-hover-","17":"first","18":"instock","19":"sale","20":"shipping-taxable","21":"purchasable","22":"product-type-variable"},"jetpack_sharing_enabled":true,"_links":{"self":[{"href":"https:\/\/www.deporteseli.com\/index.php?rest_route=\/wp\/v2\/product\/48693","targetHints":{"allow":["GET"]}}],"collection":[{"href":"https:\/\/www.deporteseli.com\/index.php?rest_route=\/wp\/v2\/product"}],"about":[{"href":"https:\/\/www.deporteseli.com\/index.php?rest_route=\/wp\/v2\/types\/product"}],"wp:featuredmedia":[{"embeddable":true,"href":"https:\/\/www.deporteseli.com\/index.php?rest_route=\/wp\/v2\/media\/60713"}],"wp:attachment":[{"href":"https:\/\/www.deporteseli.com\/index.php?rest_route=%2Fwp%2Fv2%2Fmedia&parent=48693"}],"wp:term":[{"taxonomy":"product_brand","embeddable":true,"href":"https:\/\/www.deporteseli.com\/index.php?rest_route=%2Fwp%2Fv2%2Fproduct_brand&post=48693"},{"taxonomy":"product_cat","embeddable":true,"href":"https:\/\/www.deporteseli.com\/index.php?rest_route=%2Fwp%2Fv2%2Fproduct_cat&post=48693"},{"taxonomy":"product_tag","embeddable":true,"href":"https:\/\/www.deporteseli.com\/index.php?rest_route=%2Fwp%2Fv2%2Fproduct_tag&post=48693"}],"curies":[{"name":"wp","href":"https:\/\/api.w.org\/{rel}","templated":true}]}}