{"id":48691,"date":"2026-01-27T22:09:30","date_gmt":"2026-01-27T22:09:30","guid":{"rendered":"https:\/\/www.deporteseli.com\/?product=raquetero-head-260915"},"modified":"2026-04-24T09:24:48","modified_gmt":"2026-04-24T09:24:48","slug":"raquetero-head-260915","status":"publish","type":"product","link":"https:\/\/www.deporteseli.com\/?product=raquetero-head-260915","title":{"rendered":"RAQUETERO HEAD 260915"},"content":{"rendered":"<p>Con un dise\u00f1o elegante y moderno, la bolsa de tenis Head Tour L es la opci\u00f3n ideal para transportar hasta 9 raquetas y todo lo necesario para tus entrenamientos y partidos.  Detalles:    Dos compartimentos para llevar tus raquetas sin fundas, uno con bolsillo interior con cremallera para accesorios m\u00e1s peque\u00f1os y otro con aislamiento t\u00e9rmico  Bolsillo exterior con cierre de cremallera para acceder f\u00e1cilmente a peque\u00f1os efectos personales  Compartimento lateral con cremallera para guardar zapatos y ropa mojada  Dos asas en la parte superior para un f\u00e1cil agarre  Correas de hombro acolchadas y correas ajustables  Asa lateral para f\u00e1cil transporte con la mano  Gr\u00e1ficos Head impresos  Volumen: 65 L  Dimensiones (L x A x P): 76,5 x 34 x 33 cm  Composici\u00f3n: 65% poli\u00e9ster, 35% PU                                                                                                                                                                                                                                                                                                                                                                                                                                                                                                                                                                                                                                                                                                                                                                                                                                                                                                                                                                                                                                        <\/p>\n","protected":false},"excerpt":{"rendered":"<p>RAQUETERO HEAD 260915<\/p>\n","protected":false},"featured_media":60710,"template":"","meta":[],"product_brand":[],"product_cat":[348],"product_tag":[22],"class_list":{"0":"post-48691","1":"product","2":"type-product","3":"status-publish","4":"has-post-thumbnail","6":"product_cat-deportes_tenis","7":"product_tag-head","8":"pa_color-unico","9":"pa_talla-unica","10":"thunk-woo-product-list","11":"opn-qv-enable","12":"open-woo-hover-","13":"open-single-product-tab-horizontal","14":"open-shadow-","15":"open-shadow-hover-","17":"first","18":"instock","19":"sale","20":"shipping-taxable","21":"purchasable","22":"product-type-variable"},"jetpack_sharing_enabled":true,"_links":{"self":[{"href":"https:\/\/www.deporteseli.com\/index.php?rest_route=\/wp\/v2\/product\/48691","targetHints":{"allow":["GET"]}}],"collection":[{"href":"https:\/\/www.deporteseli.com\/index.php?rest_route=\/wp\/v2\/product"}],"about":[{"href":"https:\/\/www.deporteseli.com\/index.php?rest_route=\/wp\/v2\/types\/product"}],"wp:featuredmedia":[{"embeddable":true,"href":"https:\/\/www.deporteseli.com\/index.php?rest_route=\/wp\/v2\/media\/60710"}],"wp:attachment":[{"href":"https:\/\/www.deporteseli.com\/index.php?rest_route=%2Fwp%2Fv2%2Fmedia&parent=48691"}],"wp:term":[{"taxonomy":"product_brand","embeddable":true,"href":"https:\/\/www.deporteseli.com\/index.php?rest_route=%2Fwp%2Fv2%2Fproduct_brand&post=48691"},{"taxonomy":"product_cat","embeddable":true,"href":"https:\/\/www.deporteseli.com\/index.php?rest_route=%2Fwp%2Fv2%2Fproduct_cat&post=48691"},{"taxonomy":"product_tag","embeddable":true,"href":"https:\/\/www.deporteseli.com\/index.php?rest_route=%2Fwp%2Fv2%2Fproduct_tag&post=48691"}],"curies":[{"name":"wp","href":"https:\/\/api.w.org\/{rel}","templated":true}]}}