{"id":48674,"date":"2026-01-27T22:09:08","date_gmt":"2026-01-27T22:09:08","guid":{"rendered":"https:\/\/www.deporteseli.com\/?product=tenis-reebok-100239229"},"modified":"2026-02-21T05:18:48","modified_gmt":"2026-02-21T05:18:48","slug":"tenis-reebok-100239229","status":"publish","type":"product","link":"https:\/\/www.deporteseli.com\/?product=tenis-reebok-100239229","title":{"rendered":"TENIS REEBOK 100239229"},"content":{"rendered":"<p>Zapatillas REEBOK para ni\u00f1os, fabricadas en tela con espuma viscoel\u00e1stica y suela de alta calidad. Las zapatillas REEBOK est\u00e1n confeccionadas con una suela suave que se adapta al pie y hace que caminar sea un placer. Cuentan con una suela suave y antideslizante que absorbe los impactos y son aptas para todo tipo de actividades deportivas.                                                                                                                                                                                                                                                                                                                                                                                                                                                                                                                                                                                                                                                                                                                                                                                                                                                                                                                                                                                                                                        <\/p>\n","protected":false},"excerpt":{"rendered":"<p>TENIS REEBOK 100239229<\/p>\n","protected":false},"featured_media":60700,"template":"","meta":[],"product_brand":[],"product_cat":[308],"product_tag":[41],"class_list":{"0":"post-48674","1":"product","2":"type-product","3":"status-publish","4":"has-post-thumbnail","6":"product_cat-nino_calzado_running","7":"product_tag-reebok","8":"pa_color-unico","9":"pa_talla-36-5","10":"pa_talla-143","11":"pa_talla-145","12":"pa_talla-147","13":"thunk-woo-product-list","14":"opn-qv-enable","15":"open-woo-hover-","16":"open-single-product-tab-horizontal","17":"open-shadow-","18":"open-shadow-hover-","20":"first","21":"instock","22":"sale","23":"shipping-taxable","24":"purchasable","25":"product-type-variable"},"jetpack_sharing_enabled":true,"_links":{"self":[{"href":"https:\/\/www.deporteseli.com\/index.php?rest_route=\/wp\/v2\/product\/48674","targetHints":{"allow":["GET"]}}],"collection":[{"href":"https:\/\/www.deporteseli.com\/index.php?rest_route=\/wp\/v2\/product"}],"about":[{"href":"https:\/\/www.deporteseli.com\/index.php?rest_route=\/wp\/v2\/types\/product"}],"wp:featuredmedia":[{"embeddable":true,"href":"https:\/\/www.deporteseli.com\/index.php?rest_route=\/wp\/v2\/media\/60700"}],"wp:attachment":[{"href":"https:\/\/www.deporteseli.com\/index.php?rest_route=%2Fwp%2Fv2%2Fmedia&parent=48674"}],"wp:term":[{"taxonomy":"product_brand","embeddable":true,"href":"https:\/\/www.deporteseli.com\/index.php?rest_route=%2Fwp%2Fv2%2Fproduct_brand&post=48674"},{"taxonomy":"product_cat","embeddable":true,"href":"https:\/\/www.deporteseli.com\/index.php?rest_route=%2Fwp%2Fv2%2Fproduct_cat&post=48674"},{"taxonomy":"product_tag","embeddable":true,"href":"https:\/\/www.deporteseli.com\/index.php?rest_route=%2Fwp%2Fv2%2Fproduct_tag&post=48674"}],"curies":[{"name":"wp","href":"https:\/\/api.w.org\/{rel}","templated":true}]}}