{"id":48669,"date":"2026-01-27T22:09:02","date_gmt":"2026-01-27T22:09:02","guid":{"rendered":"https:\/\/www.deporteseli.com\/?product=camisa-adidas-jw2383"},"modified":"2026-03-07T06:43:28","modified_gmt":"2026-03-07T06:43:28","slug":"camisa-adidas-jw2383","status":"publish","type":"product","link":"https:\/\/www.deporteseli.com\/?product=camisa-adidas-jw2383","title":{"rendered":"CAMISA ADIDAS JW2383"},"content":{"rendered":"<p>Descripci\u00f3n  Esta camiseta adidas para j\u00f3venes deportistas es perfecta para cualquier ocasi\u00f3n. Su tejido de punto suave y transpirable te ofrece una total comodidad mientras entrenas o te diviertes con amigos. El gran logotipo de las 3 bandas en el pecho le aporta un toque deportivo. Comb\u00ednala con tu pantal\u00f3n de ch\u00e1ndal favorito para lucir un estilo desenfadado.                                                                                                                                                                                                                                                                                                                                                                                                                                                                                                                                                                                                                                                                                                                                                                                                                                                                                                                                                                                                                                        <\/p>\n","protected":false},"excerpt":{"rendered":"<p>CAMISA ADIDAS JW2383<\/p>\n","protected":false},"featured_media":60696,"template":"","meta":[],"product_brand":[],"product_cat":[376],"product_tag":[18],"class_list":{"0":"post-48669","1":"product","2":"type-product","3":"status-publish","4":"has-post-thumbnail","6":"product_cat-ninas_textil_camisetas","7":"product_tag-adidas","8":"pa_color-unico","9":"pa_talla-t-12","10":"pa_talla-t-14","11":"pa_talla-t-16","12":"pa_talla-t-8","13":"thunk-woo-product-list","14":"opn-qv-enable","15":"open-woo-hover-","16":"open-single-product-tab-horizontal","17":"open-shadow-","18":"open-shadow-hover-","20":"first","21":"instock","22":"shipping-taxable","23":"purchasable","24":"product-type-variable"},"jetpack_sharing_enabled":true,"_links":{"self":[{"href":"https:\/\/www.deporteseli.com\/index.php?rest_route=\/wp\/v2\/product\/48669","targetHints":{"allow":["GET"]}}],"collection":[{"href":"https:\/\/www.deporteseli.com\/index.php?rest_route=\/wp\/v2\/product"}],"about":[{"href":"https:\/\/www.deporteseli.com\/index.php?rest_route=\/wp\/v2\/types\/product"}],"wp:featuredmedia":[{"embeddable":true,"href":"https:\/\/www.deporteseli.com\/index.php?rest_route=\/wp\/v2\/media\/60696"}],"wp:attachment":[{"href":"https:\/\/www.deporteseli.com\/index.php?rest_route=%2Fwp%2Fv2%2Fmedia&parent=48669"}],"wp:term":[{"taxonomy":"product_brand","embeddable":true,"href":"https:\/\/www.deporteseli.com\/index.php?rest_route=%2Fwp%2Fv2%2Fproduct_brand&post=48669"},{"taxonomy":"product_cat","embeddable":true,"href":"https:\/\/www.deporteseli.com\/index.php?rest_route=%2Fwp%2Fv2%2Fproduct_cat&post=48669"},{"taxonomy":"product_tag","embeddable":true,"href":"https:\/\/www.deporteseli.com\/index.php?rest_route=%2Fwp%2Fv2%2Fproduct_tag&post=48669"}],"curies":[{"name":"wp","href":"https:\/\/api.w.org\/{rel}","templated":true}]}}