{"id":48660,"date":"2026-01-27T22:08:50","date_gmt":"2026-01-27T22:08:50","guid":{"rendered":"https:\/\/www.deporteseli.com\/?product=chandal-adidas-jx0204"},"modified":"2026-03-07T06:43:19","modified_gmt":"2026-03-07T06:43:19","slug":"chandal-adidas-jx0204","status":"publish","type":"product","link":"https:\/\/www.deporteseli.com\/?product=chandal-adidas-jx0204","title":{"rendered":"CHANDAL ADIDAS JX0204"},"content":{"rendered":"<p>Descripci\u00f3n  Tengas el plan que tengas, ya sea ir a callejear con los amigos o quedarte en casa a ver una peli, este ch\u00e1ndal adidas para adolescentes es perfecto para la ocasi\u00f3n. Este ch\u00e1ndal, confeccionado con un suave punto cepillado, es perfecto para llevarlo todo el d\u00eda y disfrutar de la comodidad que ofrece. El cuello alzado y los ribetes como detalle le dan un toque deportivo.                                                                                                                                                                                                                                                                                                                                                                                                                                                                                                                                                                                                                                                                                                                                                                                                                                                                                                                                                                                                                                        <\/p>\n","protected":false},"excerpt":{"rendered":"<p>CHANDAL ADIDAS JX0204<\/p>\n","protected":false},"featured_media":60690,"template":"","meta":[],"product_brand":[],"product_cat":[298],"product_tag":[18],"class_list":{"0":"post-48660","1":"product","2":"type-product","3":"status-publish","4":"has-post-thumbnail","6":"product_cat-nino_textil_chandals","7":"product_tag-adidas","8":"pa_color-unico","9":"pa_talla-t-10","10":"pa_talla-t-12","11":"pa_talla-t-16","12":"pa_talla-t-8","13":"thunk-woo-product-list","14":"opn-qv-enable","15":"open-woo-hover-","16":"open-single-product-tab-horizontal","17":"open-shadow-","18":"open-shadow-hover-","20":"first","21":"instock","22":"shipping-taxable","23":"purchasable","24":"product-type-variable"},"jetpack_sharing_enabled":true,"_links":{"self":[{"href":"https:\/\/www.deporteseli.com\/index.php?rest_route=\/wp\/v2\/product\/48660","targetHints":{"allow":["GET"]}}],"collection":[{"href":"https:\/\/www.deporteseli.com\/index.php?rest_route=\/wp\/v2\/product"}],"about":[{"href":"https:\/\/www.deporteseli.com\/index.php?rest_route=\/wp\/v2\/types\/product"}],"wp:featuredmedia":[{"embeddable":true,"href":"https:\/\/www.deporteseli.com\/index.php?rest_route=\/wp\/v2\/media\/60690"}],"wp:attachment":[{"href":"https:\/\/www.deporteseli.com\/index.php?rest_route=%2Fwp%2Fv2%2Fmedia&parent=48660"}],"wp:term":[{"taxonomy":"product_brand","embeddable":true,"href":"https:\/\/www.deporteseli.com\/index.php?rest_route=%2Fwp%2Fv2%2Fproduct_brand&post=48660"},{"taxonomy":"product_cat","embeddable":true,"href":"https:\/\/www.deporteseli.com\/index.php?rest_route=%2Fwp%2Fv2%2Fproduct_cat&post=48660"},{"taxonomy":"product_tag","embeddable":true,"href":"https:\/\/www.deporteseli.com\/index.php?rest_route=%2Fwp%2Fv2%2Fproduct_tag&post=48660"}],"curies":[{"name":"wp","href":"https:\/\/api.w.org\/{rel}","templated":true}]}}