{"id":48658,"date":"2026-01-27T22:08:48","date_gmt":"2026-01-27T22:08:48","guid":{"rendered":"https:\/\/www.deporteseli.com\/?product=chandal-adidas-jc9675"},"modified":"2026-03-07T06:43:14","modified_gmt":"2026-03-07T06:43:14","slug":"chandal-adidas-jc9675","status":"publish","type":"product","link":"https:\/\/www.deporteseli.com\/?product=chandal-adidas-jc9675","title":{"rendered":"CHANDAL ADIDAS JC9675"},"content":{"rendered":"<p>Descripci\u00f3n  Ponte en marcha y c\u00f3mete el d\u00eda con este ch\u00e1ndal adidas para j\u00f3venes imparables. Presenta un c\u00e1lido tejido de felpa que te envuelve en comodidad y un dise\u00f1o con bloques de color que le confiere un estilo deportivo. Las perneras ajustadas a la altura del pu\u00f1o te permiten presumir de zapatillas cada vez que sales a la calle.  Al elegir materiales reciclados, podemos dar nueva vida a materiales que ya se han utilizado, lo que contribuye a reducir los residuos. La utilizaci\u00f3n de materiales renovables nos ayuda a acabar con nuestra dependencia de los recursos finitos. Nuestros productos fabricados con materiales reciclados y renovables contienen al menos un 70% de estos materiales.                                                                                                                                                                                                                                                                                                                                                                                                                                                                                                                                                                                                                                                                                                                                                                                                                                                                                                                                                                                                                                        <\/p>\n","protected":false},"excerpt":{"rendered":"<p>CHANDAL ADIDAS JC9675<\/p>\n","protected":false},"featured_media":60687,"template":"","meta":[],"product_brand":[],"product_cat":[298],"product_tag":[18],"class_list":{"0":"post-48658","1":"product","2":"type-product","3":"status-publish","4":"has-post-thumbnail","6":"product_cat-nino_textil_chandals","7":"product_tag-adidas","8":"pa_color-unico","9":"pa_talla-t-10","10":"thunk-woo-product-list","11":"opn-qv-enable","12":"open-woo-hover-","13":"open-single-product-tab-horizontal","14":"open-shadow-","15":"open-shadow-hover-","17":"first","18":"instock","19":"shipping-taxable","20":"purchasable","21":"product-type-variable"},"jetpack_sharing_enabled":true,"_links":{"self":[{"href":"https:\/\/www.deporteseli.com\/index.php?rest_route=\/wp\/v2\/product\/48658","targetHints":{"allow":["GET"]}}],"collection":[{"href":"https:\/\/www.deporteseli.com\/index.php?rest_route=\/wp\/v2\/product"}],"about":[{"href":"https:\/\/www.deporteseli.com\/index.php?rest_route=\/wp\/v2\/types\/product"}],"wp:featuredmedia":[{"embeddable":true,"href":"https:\/\/www.deporteseli.com\/index.php?rest_route=\/wp\/v2\/media\/60687"}],"wp:attachment":[{"href":"https:\/\/www.deporteseli.com\/index.php?rest_route=%2Fwp%2Fv2%2Fmedia&parent=48658"}],"wp:term":[{"taxonomy":"product_brand","embeddable":true,"href":"https:\/\/www.deporteseli.com\/index.php?rest_route=%2Fwp%2Fv2%2Fproduct_brand&post=48658"},{"taxonomy":"product_cat","embeddable":true,"href":"https:\/\/www.deporteseli.com\/index.php?rest_route=%2Fwp%2Fv2%2Fproduct_cat&post=48658"},{"taxonomy":"product_tag","embeddable":true,"href":"https:\/\/www.deporteseli.com\/index.php?rest_route=%2Fwp%2Fv2%2Fproduct_tag&post=48658"}],"curies":[{"name":"wp","href":"https:\/\/api.w.org\/{rel}","templated":true}]}}