{"id":48601,"date":"2026-01-27T22:07:24","date_gmt":"2026-01-27T22:07:24","guid":{"rendered":"https:\/\/www.deporteseli.com\/?product=tenis-reebok-100227370"},"modified":"2026-03-10T05:24:09","modified_gmt":"2026-03-10T05:24:09","slug":"tenis-reebok-100227370","status":"publish","type":"product","link":"https:\/\/www.deporteseli.com\/?product=tenis-reebok-100227370","title":{"rendered":"TENIS REEBOK 100227370"},"content":{"rendered":"<p>Zapatillas de running vers\u00e1tiles que puedes usar en cualquier lugar    Cuando la vida se vuelve ajetreada, simplificar las cosas ayuda. Estas zapatillas de running Reebok para mujer son tan vers\u00e1tiles que puedes dar una vuelta por el parque, ir caminando al trabajo o tachar un mont\u00f3n de recados de la lista. La elegante parte superior y la ligera entresuela de una sola pieza le dan un estilo cl\u00e1sico y totalmente llevable.                                                                                                                                                                                                                                                                                                                                                                                                                                                                                                                                                                                                                                                                                                                                                                                                                                                                                                                                                                                                                                        <\/p>\n","protected":false},"excerpt":{"rendered":"<p>TENIS REEBOK 100227370<\/p>\n","protected":false},"featured_media":60652,"template":"","meta":[],"product_brand":[],"product_cat":[285],"product_tag":[41],"class_list":{"0":"post-48601","1":"product","2":"type-product","3":"status-publish","4":"has-post-thumbnail","6":"product_cat-mujer_calzado_running","7":"product_tag-reebok","8":"pa_color-unico","9":"pa_talla-141","10":"pa_talla-143","11":"pa_talla-37-5","12":"pa_talla-145","13":"pa_talla-38-5","14":"pa_talla-147","15":"pa_talla-149","16":"pa_talla-40-5","17":"thunk-woo-product-list","18":"opn-qv-enable","19":"open-woo-hover-","20":"open-single-product-tab-horizontal","21":"open-shadow-","22":"open-shadow-hover-","24":"first","25":"instock","26":"sale","27":"shipping-taxable","28":"purchasable","29":"product-type-variable"},"jetpack_sharing_enabled":true,"_links":{"self":[{"href":"https:\/\/www.deporteseli.com\/index.php?rest_route=\/wp\/v2\/product\/48601","targetHints":{"allow":["GET"]}}],"collection":[{"href":"https:\/\/www.deporteseli.com\/index.php?rest_route=\/wp\/v2\/product"}],"about":[{"href":"https:\/\/www.deporteseli.com\/index.php?rest_route=\/wp\/v2\/types\/product"}],"wp:featuredmedia":[{"embeddable":true,"href":"https:\/\/www.deporteseli.com\/index.php?rest_route=\/wp\/v2\/media\/60652"}],"wp:attachment":[{"href":"https:\/\/www.deporteseli.com\/index.php?rest_route=%2Fwp%2Fv2%2Fmedia&parent=48601"}],"wp:term":[{"taxonomy":"product_brand","embeddable":true,"href":"https:\/\/www.deporteseli.com\/index.php?rest_route=%2Fwp%2Fv2%2Fproduct_brand&post=48601"},{"taxonomy":"product_cat","embeddable":true,"href":"https:\/\/www.deporteseli.com\/index.php?rest_route=%2Fwp%2Fv2%2Fproduct_cat&post=48601"},{"taxonomy":"product_tag","embeddable":true,"href":"https:\/\/www.deporteseli.com\/index.php?rest_route=%2Fwp%2Fv2%2Fproduct_tag&post=48601"}],"curies":[{"name":"wp","href":"https:\/\/api.w.org\/{rel}","templated":true}]}}