{"id":48593,"date":"2026-01-27T22:07:13","date_gmt":"2026-01-27T22:07:13","guid":{"rendered":"https:\/\/www.deporteseli.com\/?product=camisa-reebok-100240898"},"modified":"2026-03-07T06:43:09","modified_gmt":"2026-03-07T06:43:09","slug":"camisa-reebok-100240898","status":"publish","type":"product","link":"https:\/\/www.deporteseli.com\/?product=camisa-reebok-100240898","title":{"rendered":"CAMISA REEBOK 100240898"},"content":{"rendered":"<p>Luce un estilo fresco e informal con esta camiseta para hombre. Es tu prenda informal para salir o pasar el rato, con un tejido de algod\u00f3n suave que se vuelve a\u00fan m\u00e1s suave con el tiempo. El llamativo logotipo de Reebok le da el toque final de estilo cl\u00e1sico.                                                                                                                                                                                                                                                                                                                                                                                                                                                                                                                                                                                                                                                                                                                                                                                                                                                                                                                                                                                                                                        <\/p>\n","protected":false},"excerpt":{"rendered":"<p>CAMISA REEBOK 100240898<\/p>\n","protected":false},"featured_media":60644,"template":"","meta":[],"product_brand":[],"product_cat":[245],"product_tag":[41],"class_list":{"0":"post-48593","1":"product","2":"type-product","3":"status-publish","4":"has-post-thumbnail","6":"product_cat-hombre_textil_camisetas","7":"product_tag-reebok","8":"pa_color-unico","9":"pa_talla-m","10":"thunk-woo-product-list","11":"opn-qv-enable","12":"open-woo-hover-","13":"open-single-product-tab-horizontal","14":"open-shadow-","15":"open-shadow-hover-","17":"first","18":"instock","19":"shipping-taxable","20":"purchasable","21":"product-type-variable"},"jetpack_sharing_enabled":true,"_links":{"self":[{"href":"https:\/\/www.deporteseli.com\/index.php?rest_route=\/wp\/v2\/product\/48593","targetHints":{"allow":["GET"]}}],"collection":[{"href":"https:\/\/www.deporteseli.com\/index.php?rest_route=\/wp\/v2\/product"}],"about":[{"href":"https:\/\/www.deporteseli.com\/index.php?rest_route=\/wp\/v2\/types\/product"}],"wp:featuredmedia":[{"embeddable":true,"href":"https:\/\/www.deporteseli.com\/index.php?rest_route=\/wp\/v2\/media\/60644"}],"wp:attachment":[{"href":"https:\/\/www.deporteseli.com\/index.php?rest_route=%2Fwp%2Fv2%2Fmedia&parent=48593"}],"wp:term":[{"taxonomy":"product_brand","embeddable":true,"href":"https:\/\/www.deporteseli.com\/index.php?rest_route=%2Fwp%2Fv2%2Fproduct_brand&post=48593"},{"taxonomy":"product_cat","embeddable":true,"href":"https:\/\/www.deporteseli.com\/index.php?rest_route=%2Fwp%2Fv2%2Fproduct_cat&post=48593"},{"taxonomy":"product_tag","embeddable":true,"href":"https:\/\/www.deporteseli.com\/index.php?rest_route=%2Fwp%2Fv2%2Fproduct_tag&post=48593"}],"curies":[{"name":"wp","href":"https:\/\/api.w.org\/{rel}","templated":true}]}}