{"id":48582,"date":"2026-01-27T22:06:56","date_gmt":"2026-01-27T22:06:56","guid":{"rendered":"https:\/\/www.deporteseli.com\/?product=sudadera-adidas-jx2538"},"modified":"2026-03-21T05:20:06","modified_gmt":"2026-03-21T05:20:06","slug":"sudadera-adidas-jx2538","status":"publish","type":"product","link":"https:\/\/www.deporteseli.com\/?product=sudadera-adidas-jx2538","title":{"rendered":"SUDADERA ADIDAS JX2538"},"content":{"rendered":"<p>Descripci\u00f3n  Tu ajetreada vida requiere comodidad, y esta sudadera con capucha de adidas te la proporciona. Fabricada con una felpa suave, te mantendr\u00e1 a gusto tanto si est\u00e1s haciendo recados como si te quedas descansando en casa. Las cl\u00e1sicas 3 bandas en las mangas y un peque\u00f1o logotipo de las 3 bandas delante a\u00f1aden un toque deportivo.                                                                                                                                                                                                                                                                                                                                                                                                                                                                                                                                                                                                                                                                                                                                                                                                                                                                                                                                                                                                                                        <\/p>\n","protected":false},"excerpt":{"rendered":"<p>SUDADERA ADIDAS JX2538<\/p>\n","protected":false},"featured_media":60633,"template":"","meta":[],"product_brand":[],"product_cat":[279],"product_tag":[18],"class_list":{"0":"post-48582","1":"product","2":"type-product","3":"status-publish","4":"has-post-thumbnail","6":"product_cat-mujer_textil_sudaderas","7":"product_tag-adidas","8":"pa_color-unico","9":"pa_talla-l","10":"pa_talla-m","11":"pa_talla-xl","12":"thunk-woo-product-list","13":"opn-qv-enable","14":"open-woo-hover-","15":"open-single-product-tab-horizontal","16":"open-shadow-","17":"open-shadow-hover-","19":"first","20":"instock","21":"shipping-taxable","22":"purchasable","23":"product-type-variable"},"jetpack_sharing_enabled":true,"_links":{"self":[{"href":"https:\/\/www.deporteseli.com\/index.php?rest_route=\/wp\/v2\/product\/48582","targetHints":{"allow":["GET"]}}],"collection":[{"href":"https:\/\/www.deporteseli.com\/index.php?rest_route=\/wp\/v2\/product"}],"about":[{"href":"https:\/\/www.deporteseli.com\/index.php?rest_route=\/wp\/v2\/types\/product"}],"wp:featuredmedia":[{"embeddable":true,"href":"https:\/\/www.deporteseli.com\/index.php?rest_route=\/wp\/v2\/media\/60633"}],"wp:attachment":[{"href":"https:\/\/www.deporteseli.com\/index.php?rest_route=%2Fwp%2Fv2%2Fmedia&parent=48582"}],"wp:term":[{"taxonomy":"product_brand","embeddable":true,"href":"https:\/\/www.deporteseli.com\/index.php?rest_route=%2Fwp%2Fv2%2Fproduct_brand&post=48582"},{"taxonomy":"product_cat","embeddable":true,"href":"https:\/\/www.deporteseli.com\/index.php?rest_route=%2Fwp%2Fv2%2Fproduct_cat&post=48582"},{"taxonomy":"product_tag","embeddable":true,"href":"https:\/\/www.deporteseli.com\/index.php?rest_route=%2Fwp%2Fv2%2Fproduct_tag&post=48582"}],"curies":[{"name":"wp","href":"https:\/\/api.w.org\/{rel}","templated":true}]}}