{"id":48580,"date":"2026-01-27T22:06:53","date_gmt":"2026-01-27T22:06:53","guid":{"rendered":"https:\/\/www.deporteseli.com\/?product=camisa-adidas-jx0732"},"modified":"2026-03-07T06:42:57","modified_gmt":"2026-03-07T06:42:57","slug":"camisa-adidas-jx0732","status":"publish","type":"product","link":"https:\/\/www.deporteseli.com\/?product=camisa-adidas-jx0732","title":{"rendered":"CAMISA ADIDAS JX0732"},"content":{"rendered":"<p>Descripci\u00f3n  Sean cuales sean tus planes, esta camiseta adidas te brinda comodidad y estilo a partes iguales. Se ha confeccionado en un suave tejido de punto y luce las emblem\u00e1ticas 3 bandas en los costados y el logotipo de adidas bordado en la parte frontal, reflejando tu lado m\u00e1s deportivo. Ya sea combin\u00e1ndola con unos vaqueros, un pantal\u00f3n de felpa o un pantal\u00f3n cargo, siempre acertar\u00e1s.                                                                                                                                                                                                                                                                                                                                                                                                                                                                                                                                                                                                                                                                                                                                                                                                                                                                                                                                                                                                                                        <\/p>\n","protected":false},"excerpt":{"rendered":"<p>CAMISA ADIDAS JX0732<\/p>\n","protected":false},"featured_media":60631,"template":"","meta":[],"product_brand":[],"product_cat":[245],"product_tag":[18],"class_list":{"0":"post-48580","1":"product","2":"type-product","3":"status-publish","4":"has-post-thumbnail","6":"product_cat-hombre_textil_camisetas","7":"product_tag-adidas","8":"pa_color-unico","9":"pa_talla-m","10":"thunk-woo-product-list","11":"opn-qv-enable","12":"open-woo-hover-","13":"open-single-product-tab-horizontal","14":"open-shadow-","15":"open-shadow-hover-","17":"first","18":"instock","19":"shipping-taxable","20":"purchasable","21":"product-type-variable"},"jetpack_sharing_enabled":true,"_links":{"self":[{"href":"https:\/\/www.deporteseli.com\/index.php?rest_route=\/wp\/v2\/product\/48580","targetHints":{"allow":["GET"]}}],"collection":[{"href":"https:\/\/www.deporteseli.com\/index.php?rest_route=\/wp\/v2\/product"}],"about":[{"href":"https:\/\/www.deporteseli.com\/index.php?rest_route=\/wp\/v2\/types\/product"}],"wp:featuredmedia":[{"embeddable":true,"href":"https:\/\/www.deporteseli.com\/index.php?rest_route=\/wp\/v2\/media\/60631"}],"wp:attachment":[{"href":"https:\/\/www.deporteseli.com\/index.php?rest_route=%2Fwp%2Fv2%2Fmedia&parent=48580"}],"wp:term":[{"taxonomy":"product_brand","embeddable":true,"href":"https:\/\/www.deporteseli.com\/index.php?rest_route=%2Fwp%2Fv2%2Fproduct_brand&post=48580"},{"taxonomy":"product_cat","embeddable":true,"href":"https:\/\/www.deporteseli.com\/index.php?rest_route=%2Fwp%2Fv2%2Fproduct_cat&post=48580"},{"taxonomy":"product_tag","embeddable":true,"href":"https:\/\/www.deporteseli.com\/index.php?rest_route=%2Fwp%2Fv2%2Fproduct_tag&post=48580"}],"curies":[{"name":"wp","href":"https:\/\/api.w.org\/{rel}","templated":true}]}}