{"id":48569,"date":"2026-01-27T22:06:37","date_gmt":"2026-01-27T22:06:37","guid":{"rendered":"https:\/\/www.deporteseli.com\/?product=pantalon-adidas-it2280"},"modified":"2026-03-07T06:42:48","modified_gmt":"2026-03-07T06:42:48","slug":"pantalon-adidas-it2280","status":"publish","type":"product","link":"https:\/\/www.deporteseli.com\/?product=pantalon-adidas-it2280","title":{"rendered":"PANTALON ADIDAS IT2280"},"content":{"rendered":"<p>Descripci\u00f3n  Estas mallas de training se han confeccionado en un tejido el\u00e1stico que acompa\u00f1a todos tus movimientos, ya sean estocadas, sentadillas o saltos. La cintura de talle alto y las costuras selladas proporcionan un ajuste c\u00f3modo y sin distracciones, incluso en los momentos m\u00e1s intensos de la sesi\u00f3n. La tecnolog\u00eda transpirable adidas AEROREADY mantiene la piel seca para que te concentres en tus objetivos. Cuentan con un bolsillo oculto para guardar tus objetos personales, de modo que podr\u00e1s seguir con tu vida directamente despu\u00e9s del entrenamiento.                                                                                                                                                                                                                                                                                                                                                                                                                                                                                                                                                                                                                                                                                                                                                                                                                                                                                                                                                                                                                                        <\/p>\n","protected":false},"excerpt":{"rendered":"<p>PANTALON ADIDAS IT2280<\/p>\n","protected":false},"featured_media":60617,"template":"","meta":[],"product_brand":[],"product_cat":[281],"product_tag":[18],"class_list":{"0":"post-48569","1":"product","2":"type-product","3":"status-publish","4":"has-post-thumbnail","6":"product_cat-mujer_textil_mallas","7":"product_tag-adidas","8":"pa_color-unico","9":"pa_talla-l","10":"pa_talla-m","11":"thunk-woo-product-list","12":"opn-qv-enable","13":"open-woo-hover-","14":"open-single-product-tab-horizontal","15":"open-shadow-","16":"open-shadow-hover-","18":"first","19":"instock","20":"shipping-taxable","21":"purchasable","22":"product-type-variable"},"jetpack_sharing_enabled":true,"_links":{"self":[{"href":"https:\/\/www.deporteseli.com\/index.php?rest_route=\/wp\/v2\/product\/48569","targetHints":{"allow":["GET"]}}],"collection":[{"href":"https:\/\/www.deporteseli.com\/index.php?rest_route=\/wp\/v2\/product"}],"about":[{"href":"https:\/\/www.deporteseli.com\/index.php?rest_route=\/wp\/v2\/types\/product"}],"wp:featuredmedia":[{"embeddable":true,"href":"https:\/\/www.deporteseli.com\/index.php?rest_route=\/wp\/v2\/media\/60617"}],"wp:attachment":[{"href":"https:\/\/www.deporteseli.com\/index.php?rest_route=%2Fwp%2Fv2%2Fmedia&parent=48569"}],"wp:term":[{"taxonomy":"product_brand","embeddable":true,"href":"https:\/\/www.deporteseli.com\/index.php?rest_route=%2Fwp%2Fv2%2Fproduct_brand&post=48569"},{"taxonomy":"product_cat","embeddable":true,"href":"https:\/\/www.deporteseli.com\/index.php?rest_route=%2Fwp%2Fv2%2Fproduct_cat&post=48569"},{"taxonomy":"product_tag","embeddable":true,"href":"https:\/\/www.deporteseli.com\/index.php?rest_route=%2Fwp%2Fv2%2Fproduct_tag&post=48569"}],"curies":[{"name":"wp","href":"https:\/\/api.w.org\/{rel}","templated":true}]}}