{"id":48561,"date":"2026-01-27T22:06:26","date_gmt":"2026-01-27T22:06:26","guid":{"rendered":"https:\/\/www.deporteseli.com\/?product=tenis-adidas-jq2514"},"modified":"2026-04-11T04:17:51","modified_gmt":"2026-04-11T04:17:51","slug":"tenis-adidas-jq2514","status":"publish","type":"product","link":"https:\/\/www.deporteseli.com\/?product=tenis-adidas-jq2514","title":{"rendered":"TENIS ADIDAS JQ2514"},"content":{"rendered":"<p>Descripci\u00f3n  Tanto si est\u00e1s dando tus primeros pasos en el running como prepar\u00e1ndote para tu primera carrera, esta zapatilla adidas te brinda el confort y la sujeci\u00f3n que necesitas para avanzar con confianza en cada kil\u00f3metro. La mediasuela con amortiguaci\u00f3n Dreamstrike te ofrece una pisada m\u00e1s c\u00f3moda y din\u00e1mica. El empeine de malla transpirable se ajusta al pie como un guante y favorece la ventilaci\u00f3n mientras corres.                                                                                                                                                                                                                                                                                                                                                                                                                                                                                                                                                                                                                                                                                                                                                                                                                                                                                                                                                                                                                                        <\/p>\n","protected":false},"excerpt":{"rendered":"<p>TENIS ADIDAS JQ2514<\/p>\n","protected":false},"featured_media":60612,"template":"","meta":[],"product_brand":[],"product_cat":[259],"product_tag":[18],"class_list":{"0":"post-48561","1":"product","2":"type-product","3":"status-publish","4":"has-post-thumbnail","6":"product_cat-hombre_calzado_running","7":"product_tag-adidas","8":"pa_color-unico","9":"pa_talla-153","10":"pa_talla-42-5","11":"pa_talla-43-5","12":"pa_talla-157","13":"pa_talla-44-5","14":"pa_talla-45-5","15":"pa_talla-161","16":"thunk-woo-product-list","17":"opn-qv-enable","18":"open-woo-hover-","19":"open-single-product-tab-horizontal","20":"open-shadow-","21":"open-shadow-hover-","23":"first","24":"instock","25":"sale","26":"shipping-taxable","27":"purchasable","28":"product-type-variable"},"jetpack_sharing_enabled":true,"_links":{"self":[{"href":"https:\/\/www.deporteseli.com\/index.php?rest_route=\/wp\/v2\/product\/48561","targetHints":{"allow":["GET"]}}],"collection":[{"href":"https:\/\/www.deporteseli.com\/index.php?rest_route=\/wp\/v2\/product"}],"about":[{"href":"https:\/\/www.deporteseli.com\/index.php?rest_route=\/wp\/v2\/types\/product"}],"wp:featuredmedia":[{"embeddable":true,"href":"https:\/\/www.deporteseli.com\/index.php?rest_route=\/wp\/v2\/media\/60612"}],"wp:attachment":[{"href":"https:\/\/www.deporteseli.com\/index.php?rest_route=%2Fwp%2Fv2%2Fmedia&parent=48561"}],"wp:term":[{"taxonomy":"product_brand","embeddable":true,"href":"https:\/\/www.deporteseli.com\/index.php?rest_route=%2Fwp%2Fv2%2Fproduct_brand&post=48561"},{"taxonomy":"product_cat","embeddable":true,"href":"https:\/\/www.deporteseli.com\/index.php?rest_route=%2Fwp%2Fv2%2Fproduct_cat&post=48561"},{"taxonomy":"product_tag","embeddable":true,"href":"https:\/\/www.deporteseli.com\/index.php?rest_route=%2Fwp%2Fv2%2Fproduct_tag&post=48561"}],"curies":[{"name":"wp","href":"https:\/\/api.w.org\/{rel}","templated":true}]}}