{"id":48558,"date":"2026-01-27T22:06:22","date_gmt":"2026-01-27T22:06:22","guid":{"rendered":"https:\/\/www.deporteseli.com\/?product=chandal-adidas-jv9923"},"modified":"2026-03-07T06:42:45","modified_gmt":"2026-03-07T06:42:45","slug":"chandal-adidas-jv9923","status":"publish","type":"product","link":"https:\/\/www.deporteseli.com\/?product=chandal-adidas-jv9923","title":{"rendered":"CHANDAL ADIDAS JV9923"},"content":{"rendered":"<p>Descripci\u00f3n  Ya sea como un look completo o combinado por separado con otras prendas, este conjunto de sudadera y pantal\u00f3n para j\u00f3venes imparables es un b\u00e1sico que no puede faltar en tu armario. Se ha confeccionado en un suave tejido de felpa que te envuelve en comodidad tanto en clase como mientras te diviertes con tus amigos. Los llamativos logotipos de las 3 bandas ponen de manifiesto tu pasi\u00f3n por el deporte y adidas.  Al elegir materiales reciclados, podemos dar nueva vida a materiales que ya se han utilizado, lo que contribuye a reducir los residuos. La utilizaci\u00f3n de materiales renovables nos ayuda a acabar con nuestra dependencia de los recursos finitos. Nuestros productos fabricados con materiales reciclados y renovables contienen al menos un 70% de estos materiales.                                                                                                                                                                                                                                                                                                                                                                                                                                                                                                                                                                                                                                                                                                                                                                                                                                                                                                                                                                                                                                        <\/p>\n","protected":false},"excerpt":{"rendered":"<p>CHANDAL ADIDAS JV9923<\/p>\n","protected":false},"featured_media":60607,"template":"","meta":[],"product_brand":[],"product_cat":[298],"product_tag":[18],"class_list":{"0":"post-48558","1":"product","2":"type-product","3":"status-publish","4":"has-post-thumbnail","6":"product_cat-nino_textil_chandals","7":"product_tag-adidas","8":"pa_color-unico","9":"pa_talla-t-16","10":"pa_talla-t-8","11":"thunk-woo-product-list","12":"opn-qv-enable","13":"open-woo-hover-","14":"open-single-product-tab-horizontal","15":"open-shadow-","16":"open-shadow-hover-","18":"first","19":"instock","20":"shipping-taxable","21":"purchasable","22":"product-type-variable"},"jetpack_sharing_enabled":true,"_links":{"self":[{"href":"https:\/\/www.deporteseli.com\/index.php?rest_route=\/wp\/v2\/product\/48558","targetHints":{"allow":["GET"]}}],"collection":[{"href":"https:\/\/www.deporteseli.com\/index.php?rest_route=\/wp\/v2\/product"}],"about":[{"href":"https:\/\/www.deporteseli.com\/index.php?rest_route=\/wp\/v2\/types\/product"}],"wp:featuredmedia":[{"embeddable":true,"href":"https:\/\/www.deporteseli.com\/index.php?rest_route=\/wp\/v2\/media\/60607"}],"wp:attachment":[{"href":"https:\/\/www.deporteseli.com\/index.php?rest_route=%2Fwp%2Fv2%2Fmedia&parent=48558"}],"wp:term":[{"taxonomy":"product_brand","embeddable":true,"href":"https:\/\/www.deporteseli.com\/index.php?rest_route=%2Fwp%2Fv2%2Fproduct_brand&post=48558"},{"taxonomy":"product_cat","embeddable":true,"href":"https:\/\/www.deporteseli.com\/index.php?rest_route=%2Fwp%2Fv2%2Fproduct_cat&post=48558"},{"taxonomy":"product_tag","embeddable":true,"href":"https:\/\/www.deporteseli.com\/index.php?rest_route=%2Fwp%2Fv2%2Fproduct_tag&post=48558"}],"curies":[{"name":"wp","href":"https:\/\/api.w.org\/{rel}","templated":true}]}}