{"id":48545,"date":"2026-01-27T22:06:03","date_gmt":"2026-01-27T22:06:03","guid":{"rendered":"https:\/\/www.deporteseli.com\/?product=camisa-adidas-jv7542"},"modified":"2026-03-07T06:42:40","modified_gmt":"2026-03-07T06:42:40","slug":"camisa-adidas-jv7542","status":"publish","type":"product","link":"https:\/\/www.deporteseli.com\/?product=camisa-adidas-jv7542","title":{"rendered":"CAMISA ADIDAS JV7542"},"content":{"rendered":"<p>Descripci\u00f3n  Esta camiseta adidas para j\u00f3venes imparables te ofrece un estilo sencillo y elegante muy f\u00e1cil de combinar. Se ha confeccionado en un tejido de punto suave con un corte c\u00f3modo perfecto para tu d\u00eda a d\u00eda. Ya sea para salir a la calle o para relajarte en casa, su dise\u00f1o vers\u00e1til y el logotipo cl\u00e1sico de adidas te brindan un look impecable.                                                                                                                                                                                                                                                                                                                                                                                                                                                                                                                                                                                                                                                                                                                                                                                                                                                                                                                                                                                                                                        <\/p>\n","protected":false},"excerpt":{"rendered":"<p>CAMISA ADIDAS JV7542<\/p>\n","protected":false},"featured_media":60596,"template":"","meta":[],"product_brand":[],"product_cat":[296],"product_tag":[18],"class_list":{"0":"post-48545","1":"product","2":"type-product","3":"status-publish","4":"has-post-thumbnail","6":"product_cat-nino_textil_camisetas","7":"product_tag-adidas","8":"pa_color-unico","9":"pa_talla-t-10","10":"pa_talla-t-12","11":"pa_talla-t-14","12":"pa_talla-t-16","13":"pa_talla-t-8","14":"thunk-woo-product-list","15":"opn-qv-enable","16":"open-woo-hover-","17":"open-single-product-tab-horizontal","18":"open-shadow-","19":"open-shadow-hover-","21":"first","22":"instock","23":"shipping-taxable","24":"purchasable","25":"product-type-variable"},"jetpack_sharing_enabled":true,"_links":{"self":[{"href":"https:\/\/www.deporteseli.com\/index.php?rest_route=\/wp\/v2\/product\/48545","targetHints":{"allow":["GET"]}}],"collection":[{"href":"https:\/\/www.deporteseli.com\/index.php?rest_route=\/wp\/v2\/product"}],"about":[{"href":"https:\/\/www.deporteseli.com\/index.php?rest_route=\/wp\/v2\/types\/product"}],"wp:featuredmedia":[{"embeddable":true,"href":"https:\/\/www.deporteseli.com\/index.php?rest_route=\/wp\/v2\/media\/60596"}],"wp:attachment":[{"href":"https:\/\/www.deporteseli.com\/index.php?rest_route=%2Fwp%2Fv2%2Fmedia&parent=48545"}],"wp:term":[{"taxonomy":"product_brand","embeddable":true,"href":"https:\/\/www.deporteseli.com\/index.php?rest_route=%2Fwp%2Fv2%2Fproduct_brand&post=48545"},{"taxonomy":"product_cat","embeddable":true,"href":"https:\/\/www.deporteseli.com\/index.php?rest_route=%2Fwp%2Fv2%2Fproduct_cat&post=48545"},{"taxonomy":"product_tag","embeddable":true,"href":"https:\/\/www.deporteseli.com\/index.php?rest_route=%2Fwp%2Fv2%2Fproduct_tag&post=48545"}],"curies":[{"name":"wp","href":"https:\/\/api.w.org\/{rel}","templated":true}]}}