{"id":48526,"date":"2026-01-27T22:05:37","date_gmt":"2026-01-27T22:05:37","guid":{"rendered":"https:\/\/www.deporteseli.com\/?product=gel-contened-9"},"modified":"2026-04-18T04:19:47","modified_gmt":"2026-04-18T04:19:47","slug":"gel-contened-9","status":"publish","type":"product","link":"https:\/\/www.deporteseli.com\/?product=gel-contened-9","title":{"rendered":"GEL CONTENED 9"},"content":{"rendered":"<p>Las ASICS GEL-CONTEND 9 est\u00e1n dise\u00f1adas para corredores que se inician en el running o para quienes buscan una zapatilla c\u00f3moda y fiable para entrenamientos ocasionales o regulares. Este modelo ofrece una excelente combinaci\u00f3n de amortiguaci\u00f3n, transpirabilidad y estabilidad para recorridos de corta y media distancia sobre superficies como asfalto o caminos trazados. La tecnolog\u00eda GEL en el tal\u00f3n proporciona una amortiguaci\u00f3n suave y eficaz, mientras que su nueva mediasuela mejora el confort general y la durabilidad del conjunto. Gracias a su upper de malla t\u00e9cnica y a su dise\u00f1o estructurado, esta zapatilla ofrece un ajuste seguro y una ventilaci\u00f3n adecuada, convirti\u00e9ndola en una opci\u00f3n ideal para dar los primeros pasos en el running con seguridad y comodidad.    COMPOSICI\u00d3N y TECNOLOG\u00cdA    Tecnolog\u00eda GEL en el tal\u00f3n que proporciona una absorci\u00f3n de impactos efectiva y una pisada m\u00e1s suave.  Nueva espuma en la mediasuela que mejora la amortiguaci\u00f3n y aporta mayor durabilidad al calzado.  Ranuras de flexi\u00f3n en la suela que favorecen transiciones m\u00e1s fluidas y naturales en cada zancada.  Parte superior (empeine) de malla t\u00e9cnica que mejora la transpirabilidad y mantiene el pie fresco.  Corte con costuras estrat\u00e9gicamente ubicadas que aportan estructura y mejor ajuste al pie.  Suela de goma resistente que ofrece tracci\u00f3n y durabilidad en superficies como asfalto y caminos estables.  Plantilla extra\u00edble Ortholite que mejora la comodidad interior y permite mayor adaptabilidad.  Drop: 10 mm.  Peso aproximado: 264 g (talla 42).  Al menos el 20?% de los materiales principales del upper est\u00e1n fabricados con materiales reciclados, reduciendo el impacto ambiental.                                                                                                                                                                                                                                                                                                                                                                                                                                                                                                                                                                                                                                                                                                                                                                                                                                                                                                                                                                                                                                        <\/p>\n","protected":false},"excerpt":{"rendered":"<p>GEL CONTENED 9<\/p>\n","protected":false},"featured_media":60583,"template":"","meta":[],"product_brand":[],"product_cat":[259],"product_tag":[19],"class_list":{"0":"post-48526","1":"product","2":"type-product","3":"status-publish","4":"has-post-thumbnail","6":"product_cat-hombre_calzado_running","7":"product_tag-asics","8":"pa_color-unico","9":"pa_talla-153","10":"pa_talla-42-5","11":"pa_talla-44-5","12":"pa_talla-163","13":"pa_talla-164","14":"thunk-woo-product-list","15":"opn-qv-enable","16":"open-woo-hover-","17":"open-single-product-tab-horizontal","18":"open-shadow-","19":"open-shadow-hover-","21":"first","22":"instock","23":"sale","24":"shipping-taxable","25":"purchasable","26":"product-type-variable"},"jetpack_sharing_enabled":true,"_links":{"self":[{"href":"https:\/\/www.deporteseli.com\/index.php?rest_route=\/wp\/v2\/product\/48526","targetHints":{"allow":["GET"]}}],"collection":[{"href":"https:\/\/www.deporteseli.com\/index.php?rest_route=\/wp\/v2\/product"}],"about":[{"href":"https:\/\/www.deporteseli.com\/index.php?rest_route=\/wp\/v2\/types\/product"}],"wp:featuredmedia":[{"embeddable":true,"href":"https:\/\/www.deporteseli.com\/index.php?rest_route=\/wp\/v2\/media\/60583"}],"wp:attachment":[{"href":"https:\/\/www.deporteseli.com\/index.php?rest_route=%2Fwp%2Fv2%2Fmedia&parent=48526"}],"wp:term":[{"taxonomy":"product_brand","embeddable":true,"href":"https:\/\/www.deporteseli.com\/index.php?rest_route=%2Fwp%2Fv2%2Fproduct_brand&post=48526"},{"taxonomy":"product_cat","embeddable":true,"href":"https:\/\/www.deporteseli.com\/index.php?rest_route=%2Fwp%2Fv2%2Fproduct_cat&post=48526"},{"taxonomy":"product_tag","embeddable":true,"href":"https:\/\/www.deporteseli.com\/index.php?rest_route=%2Fwp%2Fv2%2Fproduct_tag&post=48526"}],"curies":[{"name":"wp","href":"https:\/\/api.w.org\/{rel}","templated":true}]}}