{"id":48515,"date":"2026-01-27T22:05:23","date_gmt":"2026-01-27T22:05:23","guid":{"rendered":"https:\/\/www.deporteseli.com\/?product=gel-challenger-15-clay"},"modified":"2026-04-23T04:18:06","modified_gmt":"2026-04-23T04:18:06","slug":"gel-challenger-15-clay","status":"publish","type":"product","link":"https:\/\/www.deporteseli.com\/?product=gel-challenger-15-clay","title":{"rendered":"GEL-CHALLENGER 15 CLAY"},"content":{"rendered":"<p>La zapatilla de tenis GEL-CHALLENGER 15 CLAY es una de nuestras zapatillas de estabilidad m\u00e1s c\u00f3modas.    El empeine de la zapatilla, que aporta mayor sujeci\u00f3n, se combina con un cuello m\u00e1s grueso para ayudar a crear una envoltura m\u00e1s c\u00f3moda alrededor del pie.    La tecnolog\u00eda WINGWALL en el lateral mejora la estabilidad durante los movimientos laterales. Esta caracter\u00edstica ofrece una buena sujeci\u00f3n para que puedas apoyar bien tu pie al hacer el disparo y golpear la pelota con m\u00e1s velocidad.?    La suela larga y el dise\u00f1o con surcos separados ayudan a crear una mayor \u00e1rea de contacto. Esto contribuye a crear aterrizajes m\u00e1s suaves para una mayor comodidad en general.                                                                                                                                                                                                                                                                                                                                                                                                                                                                                                                                                                                                                                                                                                                                                                                                                                                                                                                                                                                                                                        <\/p>\n","protected":false},"excerpt":{"rendered":"<p>GEL-CHALLENGER 15 CLAY<\/p>\n","protected":false},"featured_media":60572,"template":"","meta":[],"product_brand":[],"product_cat":[371],"product_tag":[19],"class_list":{"0":"post-48515","1":"product","2":"type-product","3":"status-publish","4":"has-post-thumbnail","6":"product_cat-padel_y_tenis_calzado","7":"product_tag-asics","8":"pa_color-unico","9":"pa_talla-41-5","10":"pa_talla-153","11":"pa_talla-42-5","12":"pa_talla-43-5","13":"pa_talla-161","14":"pa_talla-163","15":"pa_talla-164","16":"thunk-woo-product-list","17":"opn-qv-enable","18":"open-woo-hover-","19":"open-single-product-tab-horizontal","20":"open-shadow-","21":"open-shadow-hover-","23":"first","24":"instock","25":"sale","26":"shipping-taxable","27":"purchasable","28":"product-type-variable"},"jetpack_sharing_enabled":true,"_links":{"self":[{"href":"https:\/\/www.deporteseli.com\/index.php?rest_route=\/wp\/v2\/product\/48515","targetHints":{"allow":["GET"]}}],"collection":[{"href":"https:\/\/www.deporteseli.com\/index.php?rest_route=\/wp\/v2\/product"}],"about":[{"href":"https:\/\/www.deporteseli.com\/index.php?rest_route=\/wp\/v2\/types\/product"}],"wp:featuredmedia":[{"embeddable":true,"href":"https:\/\/www.deporteseli.com\/index.php?rest_route=\/wp\/v2\/media\/60572"}],"wp:attachment":[{"href":"https:\/\/www.deporteseli.com\/index.php?rest_route=%2Fwp%2Fv2%2Fmedia&parent=48515"}],"wp:term":[{"taxonomy":"product_brand","embeddable":true,"href":"https:\/\/www.deporteseli.com\/index.php?rest_route=%2Fwp%2Fv2%2Fproduct_brand&post=48515"},{"taxonomy":"product_cat","embeddable":true,"href":"https:\/\/www.deporteseli.com\/index.php?rest_route=%2Fwp%2Fv2%2Fproduct_cat&post=48515"},{"taxonomy":"product_tag","embeddable":true,"href":"https:\/\/www.deporteseli.com\/index.php?rest_route=%2Fwp%2Fv2%2Fproduct_tag&post=48515"}],"curies":[{"name":"wp","href":"https:\/\/api.w.org\/{rel}","templated":true}]}}