{"id":48512,"date":"2026-01-27T22:05:19","date_gmt":"2026-01-27T22:05:19","guid":{"rendered":"https:\/\/www.deporteseli.com\/?product=gel-contenido-9"},"modified":"2026-01-27T22:05:22","modified_gmt":"2026-01-27T22:05:22","slug":"gel-contenido-9","status":"publish","type":"product","link":"https:\/\/www.deporteseli.com\/?product=gel-contenido-9","title":{"rendered":"GEL-CONTENIDO 9"},"content":{"rendered":"<p>La zapatilla para correr GEL-CONTEND\u00ae 9 proporciona buena amortiguaci\u00f3n, soporte y durabilidad.    La parte superior de malla t\u00e9cnica se estira con el movimiento natural del pie y proporciona un ajuste c\u00f3modo. Las costuras sint\u00e9ticas en las capas superpuestas proporcionan una mayor sujeci\u00f3n.    La entresuela incorpora tecnolog\u00eda GEL\u00ae y amortiguaci\u00f3n AMPLIFOAM . Estas tecnolog\u00edas aumentan la durabilidad y crean una sensaci\u00f3n de mayor suavidad al pisar.    Adem\u00e1s, la unidad de soporte TRUSSTIC\u00ae y la suela envolvente mejoran la estabilidad y permiten que tus pies se muevan con libertad. Esto te permite cambiar de direcci\u00f3n con mayor confianza, especialmente al moverte de lado a lado.                                                                                                                                                                                                                                                                                                                                                                                                                                                                                                                                                                                                                                                                                                                                                                                                                                                                                                                                                                                                                                        <\/p>\n","protected":false},"excerpt":{"rendered":"<p>GEL-CONTENIDO 9<\/p>\n","protected":false},"featured_media":60568,"template":"","meta":[],"product_brand":[],"product_cat":[285],"product_tag":[19],"class_list":{"0":"post-48512","1":"product","2":"type-product","3":"status-publish","4":"has-post-thumbnail","6":"product_cat-mujer_calzado_running","7":"product_tag-asics","8":"pa_color-unico","9":"pa_talla-37-5","10":"pa_talla-40-5","11":"thunk-woo-product-list","12":"opn-qv-enable","13":"open-woo-hover-","14":"open-single-product-tab-horizontal","15":"open-shadow-","16":"open-shadow-hover-","18":"first","19":"instock","20":"sale","21":"shipping-taxable","22":"purchasable","23":"product-type-variable"},"jetpack_sharing_enabled":true,"_links":{"self":[{"href":"https:\/\/www.deporteseli.com\/index.php?rest_route=\/wp\/v2\/product\/48512","targetHints":{"allow":["GET"]}}],"collection":[{"href":"https:\/\/www.deporteseli.com\/index.php?rest_route=\/wp\/v2\/product"}],"about":[{"href":"https:\/\/www.deporteseli.com\/index.php?rest_route=\/wp\/v2\/types\/product"}],"wp:featuredmedia":[{"embeddable":true,"href":"https:\/\/www.deporteseli.com\/index.php?rest_route=\/wp\/v2\/media\/60568"}],"wp:attachment":[{"href":"https:\/\/www.deporteseli.com\/index.php?rest_route=%2Fwp%2Fv2%2Fmedia&parent=48512"}],"wp:term":[{"taxonomy":"product_brand","embeddable":true,"href":"https:\/\/www.deporteseli.com\/index.php?rest_route=%2Fwp%2Fv2%2Fproduct_brand&post=48512"},{"taxonomy":"product_cat","embeddable":true,"href":"https:\/\/www.deporteseli.com\/index.php?rest_route=%2Fwp%2Fv2%2Fproduct_cat&post=48512"},{"taxonomy":"product_tag","embeddable":true,"href":"https:\/\/www.deporteseli.com\/index.php?rest_route=%2Fwp%2Fv2%2Fproduct_tag&post=48512"}],"curies":[{"name":"wp","href":"https:\/\/api.w.org\/{rel}","templated":true}]}}