{"id":48508,"date":"2026-01-27T22:05:14","date_gmt":"2026-01-27T22:05:14","guid":{"rendered":"https:\/\/www.deporteseli.com\/?product=gt-1000-14"},"modified":"2026-04-24T09:24:12","modified_gmt":"2026-04-24T09:24:12","slug":"gt-1000-14","status":"publish","type":"product","link":"https:\/\/www.deporteseli.com\/?product=gt-1000-14","title":{"rendered":"GT-1000 14"},"content":{"rendered":"<p>La zapatilla de running GT-1000 14 sujeta bien el pie para sentir la m\u00e1xima comodidad durante tus carreras y ayudarte a despejar la mente. Ofrece una sujeci\u00f3n y una amortiguaci\u00f3n muy suaves, dise\u00f1adas para ayudarte a correr m\u00e1s lejos sin dejar de lado la comodidad.    La tecnolog\u00eda 3D GUIDANCE SYSTEM reafirma la posici\u00f3n del pie y te ayuda a avanzar de forma natural con estabilidad. Adem\u00e1s, la tecnolog\u00eda PureGEL y la suave espuma FF BLAST te permitir\u00e1n correr con total comodidad.    \u00bfQu\u00e9 hace que la zapatilla de running GT-1000 14 sea tan c\u00f3moda?    La tecnolog\u00eda 3D GUIDANCE SYSTEM proporciona sujeci\u00f3n adicional al guiar el pie de forma natural durante la carrera.  La tecnolog\u00eda PureGEL, m\u00e1s suave y con mejor absorci\u00f3n de impactos, reduce la presi\u00f3n en las articulaciones para que puedas seguir corriendo c\u00f3modamente.  La espuma FF BLAST garantiza un aterrizaje m\u00e1s suave y una amortiguaci\u00f3n adicional para que disfrutes corriendo tambi\u00e9n en superficies m\u00e1s duras.  \u00bfPor qu\u00e9 otras cualidades es la zapatilla GT-1000 14 una gran opci\u00f3n?    El dise\u00f1o de esta zapatilla se centra en la sujeci\u00f3n y la comodidad. Hemos dedicado una infinidad de horas a probarla en nuestro Institute of Sport Science (ISS) en Jap\u00f3n. La zapatilla de running GT-1000 14 incluye m\u00e1s caracter\u00edsticas t\u00e9cnicas para ayudarte durante la carrera. Puedes consultarlas a continuaci\u00f3n en la secci\u00f3n  Caracter\u00edsticas t\u00e9cnicas .                                                                                                                                                                                                                                                                                                                                                                                                                                                                                                                                                                                                                                                                                                                                                                                                                                                                                                                                                                                                                                        <\/p>\n","protected":false},"excerpt":{"rendered":"<p>GT-1000 14<\/p>\n","protected":false},"featured_media":60564,"template":"","meta":[],"product_brand":[],"product_cat":[259],"product_tag":[19],"class_list":{"0":"post-48508","1":"product","2":"type-product","3":"status-publish","4":"has-post-thumbnail","6":"product_cat-hombre_calzado_running","7":"product_tag-asics","8":"pa_color-unico","9":"pa_talla-41-5","10":"pa_talla-42-5","11":"pa_talla-44-5","12":"thunk-woo-product-list","13":"opn-qv-enable","14":"open-woo-hover-","15":"open-single-product-tab-horizontal","16":"open-shadow-","17":"open-shadow-hover-","19":"first","20":"instock","21":"sale","22":"shipping-taxable","23":"purchasable","24":"product-type-variable"},"jetpack_sharing_enabled":true,"_links":{"self":[{"href":"https:\/\/www.deporteseli.com\/index.php?rest_route=\/wp\/v2\/product\/48508","targetHints":{"allow":["GET"]}}],"collection":[{"href":"https:\/\/www.deporteseli.com\/index.php?rest_route=\/wp\/v2\/product"}],"about":[{"href":"https:\/\/www.deporteseli.com\/index.php?rest_route=\/wp\/v2\/types\/product"}],"wp:featuredmedia":[{"embeddable":true,"href":"https:\/\/www.deporteseli.com\/index.php?rest_route=\/wp\/v2\/media\/60564"}],"wp:attachment":[{"href":"https:\/\/www.deporteseli.com\/index.php?rest_route=%2Fwp%2Fv2%2Fmedia&parent=48508"}],"wp:term":[{"taxonomy":"product_brand","embeddable":true,"href":"https:\/\/www.deporteseli.com\/index.php?rest_route=%2Fwp%2Fv2%2Fproduct_brand&post=48508"},{"taxonomy":"product_cat","embeddable":true,"href":"https:\/\/www.deporteseli.com\/index.php?rest_route=%2Fwp%2Fv2%2Fproduct_cat&post=48508"},{"taxonomy":"product_tag","embeddable":true,"href":"https:\/\/www.deporteseli.com\/index.php?rest_route=%2Fwp%2Fv2%2Fproduct_tag&post=48508"}],"curies":[{"name":"wp","href":"https:\/\/api.w.org\/{rel}","templated":true}]}}