{"id":48503,"date":"2026-01-27T22:05:08","date_gmt":"2026-01-27T22:05:08","guid":{"rendered":"https:\/\/www.deporteseli.com\/?product=gel-kayano-32"},"modified":"2026-02-22T05:18:49","modified_gmt":"2026-02-22T05:18:49","slug":"gel-kayano-32","status":"publish","type":"product","link":"https:\/\/www.deporteseli.com\/?product=gel-kayano-32","title":{"rendered":"GEL-KAYANO 32"},"content":{"rendered":"<p>La zapatilla de running GEL-KAYANO 32 combina la mejor sujeci\u00f3n con la m\u00e1xima comodidad para que puedas correr con total confianza. Nuestra zapatilla de estabilidad m\u00e1s avanzada hasta ahora. Para que corras m\u00e1s lejos durante m\u00e1s tiempo. Gracias una estabilidad adaptable y una comodidad superior, podr\u00edas estar corriendo todo el d\u00eda.    La tecnolog\u00eda 4D GUIDANCE SYSTEM es un revolucionario sistema que te ayuda a mantener la estabilidad mientras corres, sin reducir en ning\u00fan momento la comodidad. De hecho, la combinaci\u00f3n de la tecnolog\u00eda PureGEL y la suave espuma FF BLAST PLUS consigue que una absorci\u00f3n de impactos m\u00e1s reactiva y ofrece una sensaci\u00f3n de suavidad y sujeci\u00f3n para disfrutar de una comodidad duradera.    \u00bfQu\u00e9 hace que la zapatilla de running GEL-KAYANO 32 ofrezca tanta sujeci\u00f3n y comodidad?    Incorpora la revolucionaria tecnolog\u00eda 4D GUIDANCE SYSTEM, que adapta la estabilidad cuando m\u00e1s lo necesitas para seguir corriendo durante m\u00e1s tiempo.  La tecnolog\u00eda PureGEL, m\u00e1s suave y con mejor absorci\u00f3n de impactos, reduce la presi\u00f3n en las articulaciones para que puedas seguir corriendo c\u00f3modamente.  La espuma FF BLAST PLUS proporciona un aterrizaje m\u00e1s suave y una amortiguaci\u00f3n m\u00e1s reactiva para que disfrutes corriendo tambi\u00e9n en superficies m\u00e1s duras.  \u00bfPor qu\u00e9 otras cualidades destaca la zapatilla de running GEL-KAYANO 32?    Al dise\u00f1ar esta zapatilla hemos pensado en tu estabilidad y comodidad. Hemos dedicado horas a probarla y perfeccionarla en nuestro Institute of Sport Science (ISS) en Jap\u00f3n. La zapatilla de running GEL-KAYANO 32 incluye m\u00e1s caracter\u00edsticas t\u00e9cnicas para ayudarte durante la carrera. Puedes consultarlas a continuaci\u00f3n en la secci\u00f3n  Caracter\u00edsticas t\u00e9cnicas .                                                                                                                                                                                                                                                                                                                                                                                                                                                                                                                                                                                                                                                                                                                                                                                                                                                                                                                                                                                                                                        <\/p>\n","protected":false},"excerpt":{"rendered":"<p>GEL-KAYANO 32<\/p>\n","protected":false},"featured_media":60560,"template":"","meta":[],"product_brand":[],"product_cat":[259],"product_tag":[19],"class_list":{"0":"post-48503","1":"product","2":"type-product","3":"status-publish","4":"has-post-thumbnail","6":"product_cat-hombre_calzado_running","7":"product_tag-asics","8":"pa_color-unico","9":"pa_talla-41-5","10":"pa_talla-153","11":"pa_talla-42-5","12":"pa_talla-43-5","13":"thunk-woo-product-list","14":"opn-qv-enable","15":"open-woo-hover-","16":"open-single-product-tab-horizontal","17":"open-shadow-","18":"open-shadow-hover-","20":"first","21":"instock","22":"sale","23":"shipping-taxable","24":"purchasable","25":"product-type-variable"},"jetpack_sharing_enabled":true,"_links":{"self":[{"href":"https:\/\/www.deporteseli.com\/index.php?rest_route=\/wp\/v2\/product\/48503","targetHints":{"allow":["GET"]}}],"collection":[{"href":"https:\/\/www.deporteseli.com\/index.php?rest_route=\/wp\/v2\/product"}],"about":[{"href":"https:\/\/www.deporteseli.com\/index.php?rest_route=\/wp\/v2\/types\/product"}],"wp:featuredmedia":[{"embeddable":true,"href":"https:\/\/www.deporteseli.com\/index.php?rest_route=\/wp\/v2\/media\/60560"}],"wp:attachment":[{"href":"https:\/\/www.deporteseli.com\/index.php?rest_route=%2Fwp%2Fv2%2Fmedia&parent=48503"}],"wp:term":[{"taxonomy":"product_brand","embeddable":true,"href":"https:\/\/www.deporteseli.com\/index.php?rest_route=%2Fwp%2Fv2%2Fproduct_brand&post=48503"},{"taxonomy":"product_cat","embeddable":true,"href":"https:\/\/www.deporteseli.com\/index.php?rest_route=%2Fwp%2Fv2%2Fproduct_cat&post=48503"},{"taxonomy":"product_tag","embeddable":true,"href":"https:\/\/www.deporteseli.com\/index.php?rest_route=%2Fwp%2Fv2%2Fproduct_tag&post=48503"}],"curies":[{"name":"wp","href":"https:\/\/api.w.org\/{rel}","templated":true}]}}