{"id":48499,"date":"2026-01-27T22:05:02","date_gmt":"2026-01-27T22:05:02","guid":{"rendered":"https:\/\/www.deporteseli.com\/?product=gel-trabuco-13"},"modified":"2026-04-02T04:18:52","modified_gmt":"2026-04-02T04:18:52","slug":"gel-trabuco-13","status":"publish","type":"product","link":"https:\/\/www.deporteseli.com\/?product=gel-trabuco-13","title":{"rendered":"GEL-TRABUCO 13"},"content":{"rendered":"<p>La zapatilla de trail running GEL-TRABUCO 13 combina un agarre superior y la m\u00e1xima comodidad para correr por caminos de tierra. Es una zapatilla de trail running todoterreno dise\u00f1ada para recorrer los senderos sin que nada te detenga. Y, gracias a su amortiguaci\u00f3n superior, lo conseguir\u00e1s con total comodidad.    La espuma FF BLAST PLUS garantiza aterrizajes c\u00f3modos y la suela ASICSGRIP proporciona un agarre excelente en d\u00edas de condiciones meteorol\u00f3gicas cambiantes. Adem\u00e1s, la tecnolog\u00eda Rock Protection Plate ayuda a proteger el pie de las rocas y los terrenos irregulares.    \u00bfQu\u00e9 hace que la zapatilla de trail running GEL-TRABUCO 13 ofrezca tanta comodidad y un agarre excepcional?    La mediasuela de espuma FF BLAST PLUS integrada ofrece la m\u00e1xima comodidad y un aterrizaje suave a fin de reducir el impacto en las articulaciones.  La suela ASICSGRIP garantiza un agarre excelente en caminos secos o h\u00famedos.  La tecnolog\u00eda Rock Protection Plate protege el pie de las rocas y los terrenos irregulares.  \u00bfPor qu\u00e9 otras cualidades destaca la zapatilla GEL-TRABUCO 13?    El dise\u00f1o de esta zapatilla se centra en la comodidad y el agarre. Hemos dedicado una infinidad de horas a probarla y perfeccionarla en nuestro Institute of Sport Science (ISS) en Jap\u00f3n. La zapatilla de running GEL-TRABUCO 13 incluye m\u00e1s caracter\u00edsticas t\u00e9cnicas para ayudarte durante la carrera. Puedes consultarlas a continuaci\u00f3n en la secci\u00f3n  Caracter\u00edsticas t\u00e9cnicas .                                                                                                                                                                                                                                                                                                                                                                                                                                                                                                                                                                                                                                                                                                                                                                                                                                                                                                                                                                                                                                        <\/p>\n","protected":false},"excerpt":{"rendered":"<p>GEL-TRABUCO 13<\/p>\n","protected":false},"featured_media":60554,"template":"","meta":[],"product_brand":[],"product_cat":[260],"product_tag":[19],"class_list":{"0":"post-48499","1":"product","2":"type-product","3":"status-publish","4":"has-post-thumbnail","6":"product_cat-hombre_calzado_trail","7":"product_tag-asics","8":"pa_color-unico","9":"pa_talla-41-5","10":"pa_talla-42-5","11":"pa_talla-159","12":"thunk-woo-product-list","13":"opn-qv-enable","14":"open-woo-hover-","15":"open-single-product-tab-horizontal","16":"open-shadow-","17":"open-shadow-hover-","19":"first","20":"instock","21":"sale","22":"shipping-taxable","23":"purchasable","24":"product-type-variable"},"jetpack_sharing_enabled":true,"_links":{"self":[{"href":"https:\/\/www.deporteseli.com\/index.php?rest_route=\/wp\/v2\/product\/48499","targetHints":{"allow":["GET"]}}],"collection":[{"href":"https:\/\/www.deporteseli.com\/index.php?rest_route=\/wp\/v2\/product"}],"about":[{"href":"https:\/\/www.deporteseli.com\/index.php?rest_route=\/wp\/v2\/types\/product"}],"wp:featuredmedia":[{"embeddable":true,"href":"https:\/\/www.deporteseli.com\/index.php?rest_route=\/wp\/v2\/media\/60554"}],"wp:attachment":[{"href":"https:\/\/www.deporteseli.com\/index.php?rest_route=%2Fwp%2Fv2%2Fmedia&parent=48499"}],"wp:term":[{"taxonomy":"product_brand","embeddable":true,"href":"https:\/\/www.deporteseli.com\/index.php?rest_route=%2Fwp%2Fv2%2Fproduct_brand&post=48499"},{"taxonomy":"product_cat","embeddable":true,"href":"https:\/\/www.deporteseli.com\/index.php?rest_route=%2Fwp%2Fv2%2Fproduct_cat&post=48499"},{"taxonomy":"product_tag","embeddable":true,"href":"https:\/\/www.deporteseli.com\/index.php?rest_route=%2Fwp%2Fv2%2Fproduct_tag&post=48499"}],"curies":[{"name":"wp","href":"https:\/\/api.w.org\/{rel}","templated":true}]}}