{"id":48493,"date":"2026-01-27T22:04:52","date_gmt":"2026-01-27T22:04:52","guid":{"rendered":"https:\/\/www.deporteseli.com\/?product=camisa-adidas-ia9151"},"modified":"2026-03-07T06:42:16","modified_gmt":"2026-03-07T06:42:16","slug":"camisa-adidas-ia9151","status":"publish","type":"product","link":"https:\/\/www.deporteseli.com\/?product=camisa-adidas-ia9151","title":{"rendered":"CAMISA ADIDAS IA9151"},"content":{"rendered":"<p>Descripci\u00f3n  A veces, la sencillez es la clave del \u00e9xito, tanto dentro como fuera del terreno de juego. Esta camiseta de f\u00fatbol adidas rinde homenaje a esa filosof\u00eda para que solo te concentres en llevar a tu equipo a la victoria. El tejido transpirable AEROREADY y las mangas de malla favorecen la ventilaci\u00f3n y mantienen la piel seca durante todo el partido. Las 3 bandas y el logotipo de adidas rematan el look.  Este producto se ha fabricado con un 100% de material reciclado. Su objetivo es plantear otra soluci\u00f3n m\u00e1s que ayude a eliminar los residuos pl\u00e1sticos.                                                                                                                                                                                                                                                                                                                                                                                                                                                                                                                                                                                                                                                                                                                                                                                                                                                                                                                                                                                                                                        <\/p>\n","protected":false},"excerpt":{"rendered":"<p>CAMISA ADIDAS IA9151<\/p>\n","protected":false},"featured_media":60546,"template":"","meta":[],"product_brand":[],"product_cat":[269],"product_tag":[18],"class_list":{"0":"post-48493","1":"product","2":"type-product","3":"status-publish","4":"has-post-thumbnail","6":"product_cat-mujer_textil_camisetas","7":"product_tag-adidas","8":"pa_color-unico","9":"pa_talla-s","10":"pa_talla-xl","11":"thunk-woo-product-list","12":"opn-qv-enable","13":"open-woo-hover-","14":"open-single-product-tab-horizontal","15":"open-shadow-","16":"open-shadow-hover-","18":"first","19":"instock","20":"shipping-taxable","21":"purchasable","22":"product-type-variable"},"jetpack_sharing_enabled":true,"_links":{"self":[{"href":"https:\/\/www.deporteseli.com\/index.php?rest_route=\/wp\/v2\/product\/48493","targetHints":{"allow":["GET"]}}],"collection":[{"href":"https:\/\/www.deporteseli.com\/index.php?rest_route=\/wp\/v2\/product"}],"about":[{"href":"https:\/\/www.deporteseli.com\/index.php?rest_route=\/wp\/v2\/types\/product"}],"wp:featuredmedia":[{"embeddable":true,"href":"https:\/\/www.deporteseli.com\/index.php?rest_route=\/wp\/v2\/media\/60546"}],"wp:attachment":[{"href":"https:\/\/www.deporteseli.com\/index.php?rest_route=%2Fwp%2Fv2%2Fmedia&parent=48493"}],"wp:term":[{"taxonomy":"product_brand","embeddable":true,"href":"https:\/\/www.deporteseli.com\/index.php?rest_route=%2Fwp%2Fv2%2Fproduct_brand&post=48493"},{"taxonomy":"product_cat","embeddable":true,"href":"https:\/\/www.deporteseli.com\/index.php?rest_route=%2Fwp%2Fv2%2Fproduct_cat&post=48493"},{"taxonomy":"product_tag","embeddable":true,"href":"https:\/\/www.deporteseli.com\/index.php?rest_route=%2Fwp%2Fv2%2Fproduct_tag&post=48493"}],"curies":[{"name":"wp","href":"https:\/\/api.w.org\/{rel}","templated":true}]}}