{"id":48491,"date":"2026-01-27T22:04:48","date_gmt":"2026-01-27T22:04:48","guid":{"rendered":"https:\/\/www.deporteseli.com\/?product=camisa-adidas-jj3935"},"modified":"2026-03-07T06:42:13","modified_gmt":"2026-03-07T06:42:13","slug":"camisa-adidas-jj3935","status":"publish","type":"product","link":"https:\/\/www.deporteseli.com\/?product=camisa-adidas-jj3935","title":{"rendered":"CAMISA ADIDAS JJ3935"},"content":{"rendered":"<p>Camiseta con gr\u00e1fico de logotipo  Una camiseta deportiva con aires inspirados en el f\u00fatbol.  Esta camiseta adidas rinde homenaje a la influencia del f\u00fatbol en la moda. El logotipo de las 3 barras en la parte delantera evoca la historia del deporte y el estilo que inspir\u00f3. Su suave tejido de punto liso la convierte en la camiseta perfecta para relajarse y disfrutar de la acci\u00f3n dentro y fuera de la cancha.                                                                                                                                                                                                                                                                                                                                                                                                                                                                                                                                                                                                                                                                                                                                                                                                                                                                                                                                                                                                                                        <\/p>\n","protected":false},"excerpt":{"rendered":"<p>CAMISA ADIDAS JJ3935<\/p>\n","protected":false},"featured_media":60542,"template":"","meta":[],"product_brand":[],"product_cat":[245],"product_tag":[18],"class_list":{"0":"post-48491","1":"product","2":"type-product","3":"status-publish","4":"has-post-thumbnail","6":"product_cat-hombre_textil_camisetas","7":"product_tag-adidas","8":"pa_color-unico","9":"pa_talla-l","10":"thunk-woo-product-list","11":"opn-qv-enable","12":"open-woo-hover-","13":"open-single-product-tab-horizontal","14":"open-shadow-","15":"open-shadow-hover-","17":"first","18":"instock","19":"shipping-taxable","20":"purchasable","21":"product-type-variable"},"jetpack_sharing_enabled":true,"_links":{"self":[{"href":"https:\/\/www.deporteseli.com\/index.php?rest_route=\/wp\/v2\/product\/48491","targetHints":{"allow":["GET"]}}],"collection":[{"href":"https:\/\/www.deporteseli.com\/index.php?rest_route=\/wp\/v2\/product"}],"about":[{"href":"https:\/\/www.deporteseli.com\/index.php?rest_route=\/wp\/v2\/types\/product"}],"wp:featuredmedia":[{"embeddable":true,"href":"https:\/\/www.deporteseli.com\/index.php?rest_route=\/wp\/v2\/media\/60542"}],"wp:attachment":[{"href":"https:\/\/www.deporteseli.com\/index.php?rest_route=%2Fwp%2Fv2%2Fmedia&parent=48491"}],"wp:term":[{"taxonomy":"product_brand","embeddable":true,"href":"https:\/\/www.deporteseli.com\/index.php?rest_route=%2Fwp%2Fv2%2Fproduct_brand&post=48491"},{"taxonomy":"product_cat","embeddable":true,"href":"https:\/\/www.deporteseli.com\/index.php?rest_route=%2Fwp%2Fv2%2Fproduct_cat&post=48491"},{"taxonomy":"product_tag","embeddable":true,"href":"https:\/\/www.deporteseli.com\/index.php?rest_route=%2Fwp%2Fv2%2Fproduct_tag&post=48491"}],"curies":[{"name":"wp","href":"https:\/\/api.w.org\/{rel}","templated":true}]}}