{"id":48487,"date":"2026-01-27T22:04:42","date_gmt":"2026-01-27T22:04:42","guid":{"rendered":"https:\/\/www.deporteseli.com\/?product=camisa-adidas-jj3934"},"modified":"2026-03-07T06:42:12","modified_gmt":"2026-03-07T06:42:12","slug":"camisa-adidas-jj3934","status":"publish","type":"product","link":"https:\/\/www.deporteseli.com\/?product=camisa-adidas-jj3934","title":{"rendered":"CAMISA ADIDAS JJ3934"},"content":{"rendered":"<p>Descripci\u00f3n  Esta camiseta adidas rinde homenaje a la influencia del f\u00fatbol en el mundo de la moda. El logotipo de las 3 bandas en la parte frontal hace un gui\u00f1o a la historia del deporte rey. Se ha confeccionado en un tejido de punto suave que te permite relajarte y disfrutar del partido, ya sea en la grada o desde la comodidad de tu sof\u00e1.                                                                                                                                                                                                                                                                                                                                                                                                                                                                                                                                                                                                                                                                                                                                                                                                                                                                                                                                                                                                                                        <\/p>\n","protected":false},"excerpt":{"rendered":"<p>CAMISA ADIDAS JJ3934<\/p>\n","protected":false},"featured_media":60540,"template":"","meta":[],"product_brand":[],"product_cat":[245],"product_tag":[18],"class_list":{"0":"post-48487","1":"product","2":"type-product","3":"status-publish","4":"has-post-thumbnail","6":"product_cat-hombre_textil_camisetas","7":"product_tag-adidas","8":"pa_color-unico","9":"pa_talla-l","10":"pa_talla-m","11":"pa_talla-xl","12":"thunk-woo-product-list","13":"opn-qv-enable","14":"open-woo-hover-","15":"open-single-product-tab-horizontal","16":"open-shadow-","17":"open-shadow-hover-","19":"first","20":"instock","21":"shipping-taxable","22":"purchasable","23":"product-type-variable"},"jetpack_sharing_enabled":true,"_links":{"self":[{"href":"https:\/\/www.deporteseli.com\/index.php?rest_route=\/wp\/v2\/product\/48487","targetHints":{"allow":["GET"]}}],"collection":[{"href":"https:\/\/www.deporteseli.com\/index.php?rest_route=\/wp\/v2\/product"}],"about":[{"href":"https:\/\/www.deporteseli.com\/index.php?rest_route=\/wp\/v2\/types\/product"}],"wp:featuredmedia":[{"embeddable":true,"href":"https:\/\/www.deporteseli.com\/index.php?rest_route=\/wp\/v2\/media\/60540"}],"wp:attachment":[{"href":"https:\/\/www.deporteseli.com\/index.php?rest_route=%2Fwp%2Fv2%2Fmedia&parent=48487"}],"wp:term":[{"taxonomy":"product_brand","embeddable":true,"href":"https:\/\/www.deporteseli.com\/index.php?rest_route=%2Fwp%2Fv2%2Fproduct_brand&post=48487"},{"taxonomy":"product_cat","embeddable":true,"href":"https:\/\/www.deporteseli.com\/index.php?rest_route=%2Fwp%2Fv2%2Fproduct_cat&post=48487"},{"taxonomy":"product_tag","embeddable":true,"href":"https:\/\/www.deporteseli.com\/index.php?rest_route=%2Fwp%2Fv2%2Fproduct_tag&post=48487"}],"curies":[{"name":"wp","href":"https:\/\/api.w.org\/{rel}","templated":true}]}}