{"id":48483,"date":"2026-01-27T22:04:37","date_gmt":"2026-01-27T22:04:37","guid":{"rendered":"https:\/\/www.deporteseli.com\/?product=camisa-adidas-h59849"},"modified":"2026-03-07T06:42:08","modified_gmt":"2026-03-07T06:42:08","slug":"camisa-adidas-h59849","status":"publish","type":"product","link":"https:\/\/www.deporteseli.com\/?product=camisa-adidas-h59849","title":{"rendered":"CAMISA ADIDAS H59849"},"content":{"rendered":"<p>Descripci\u00f3n  Entrena como un profesional. Rel\u00e1jate como un campe\u00f3n. Esta camiseta de f\u00fatbol presenta un dise\u00f1o limpio y cl\u00e1sico con el logotipo Badge of Sport de adidas en el pecho. La tecnolog\u00eda AEROREADY, que absorbe la humedad, mantendr\u00e1 tu piel seca y fresca tanto si juegas un partido improvisado en el parque como si sales a disfrutar de la noche en la ciudad.                                                                                                                                                                                                                                                                                                                                                                                                                                                                                                                                                                                                                                                                                                                                                                                                                                                                                                                                                                                                                                        <\/p>\n","protected":false},"excerpt":{"rendered":"<p>CAMISA ADIDAS H59849<\/p>\n","protected":false},"featured_media":60537,"template":"","meta":[],"product_brand":[],"product_cat":[269],"product_tag":[18],"class_list":{"0":"post-48483","1":"product","2":"type-product","3":"status-publish","4":"has-post-thumbnail","6":"product_cat-mujer_textil_camisetas","7":"product_tag-adidas","8":"pa_color-unico","9":"pa_talla-l","10":"pa_talla-m","11":"pa_talla-s","12":"thunk-woo-product-list","13":"opn-qv-enable","14":"open-woo-hover-","15":"open-single-product-tab-horizontal","16":"open-shadow-","17":"open-shadow-hover-","19":"first","20":"instock","21":"shipping-taxable","22":"purchasable","23":"product-type-variable"},"jetpack_sharing_enabled":true,"_links":{"self":[{"href":"https:\/\/www.deporteseli.com\/index.php?rest_route=\/wp\/v2\/product\/48483","targetHints":{"allow":["GET"]}}],"collection":[{"href":"https:\/\/www.deporteseli.com\/index.php?rest_route=\/wp\/v2\/product"}],"about":[{"href":"https:\/\/www.deporteseli.com\/index.php?rest_route=\/wp\/v2\/types\/product"}],"wp:featuredmedia":[{"embeddable":true,"href":"https:\/\/www.deporteseli.com\/index.php?rest_route=\/wp\/v2\/media\/60537"}],"wp:attachment":[{"href":"https:\/\/www.deporteseli.com\/index.php?rest_route=%2Fwp%2Fv2%2Fmedia&parent=48483"}],"wp:term":[{"taxonomy":"product_brand","embeddable":true,"href":"https:\/\/www.deporteseli.com\/index.php?rest_route=%2Fwp%2Fv2%2Fproduct_brand&post=48483"},{"taxonomy":"product_cat","embeddable":true,"href":"https:\/\/www.deporteseli.com\/index.php?rest_route=%2Fwp%2Fv2%2Fproduct_cat&post=48483"},{"taxonomy":"product_tag","embeddable":true,"href":"https:\/\/www.deporteseli.com\/index.php?rest_route=%2Fwp%2Fv2%2Fproduct_tag&post=48483"}],"curies":[{"name":"wp","href":"https:\/\/api.w.org\/{rel}","templated":true}]}}