{"id":48476,"date":"2026-01-27T22:04:27","date_gmt":"2026-01-27T22:04:27","guid":{"rendered":"https:\/\/www.deporteseli.com\/?product=balon-adidas-jp1576"},"modified":"2026-01-27T22:04:29","modified_gmt":"2026-01-27T22:04:29","slug":"balon-adidas-jp1576","status":"publish","type":"product","link":"https:\/\/www.deporteseli.com\/?product=balon-adidas-jp1576","title":{"rendered":"BALON ADIDAS JP1576"},"content":{"rendered":"<p>Demuestra de qu\u00e9 eres capaz con este bal\u00f3n de training de alto rendimiento de la UWCL.  Ilumina las noches de la UWCL en la temporada 25\/26. Este pantal\u00f3n de adidas F\u00fatbol tiene el mismo estampado celestial que el bal\u00f3n de los partidos de la liga. Pero no todo son estrellas brillantes y auroras majestuosas, tambi\u00e9n hay que practicar y entrenar. La estructura sin costuras y su resistente c\u00e1mara de butilo la convierten en una opci\u00f3n de primera categor\u00eda para darlo todo en entrenos y partidos.                                                                                                                                                                                                                                                                                                                                                                                                                                                                                                                                                                                                                                                                                                                                                                                                                                                                                                                                                                                                                                        <\/p>\n","protected":false},"excerpt":{"rendered":"<p>BALON ADIDAS JP1576<\/p>\n","protected":false},"featured_media":60530,"template":"","meta":[],"product_brand":[],"product_cat":[347],"product_tag":[18],"class_list":{"0":"post-48476","1":"product","2":"type-product","3":"status-publish","4":"has-post-thumbnail","6":"product_cat-deportes_balones","7":"product_tag-adidas","8":"pa_color-unico","9":"pa_talla-169","10":"thunk-woo-product-list","11":"opn-qv-enable","12":"open-woo-hover-","13":"open-single-product-tab-horizontal","14":"open-shadow-","15":"open-shadow-hover-","17":"first","18":"instock","19":"shipping-taxable","20":"purchasable","21":"product-type-variable"},"jetpack_sharing_enabled":true,"_links":{"self":[{"href":"https:\/\/www.deporteseli.com\/index.php?rest_route=\/wp\/v2\/product\/48476","targetHints":{"allow":["GET"]}}],"collection":[{"href":"https:\/\/www.deporteseli.com\/index.php?rest_route=\/wp\/v2\/product"}],"about":[{"href":"https:\/\/www.deporteseli.com\/index.php?rest_route=\/wp\/v2\/types\/product"}],"wp:featuredmedia":[{"embeddable":true,"href":"https:\/\/www.deporteseli.com\/index.php?rest_route=\/wp\/v2\/media\/60530"}],"wp:attachment":[{"href":"https:\/\/www.deporteseli.com\/index.php?rest_route=%2Fwp%2Fv2%2Fmedia&parent=48476"}],"wp:term":[{"taxonomy":"product_brand","embeddable":true,"href":"https:\/\/www.deporteseli.com\/index.php?rest_route=%2Fwp%2Fv2%2Fproduct_brand&post=48476"},{"taxonomy":"product_cat","embeddable":true,"href":"https:\/\/www.deporteseli.com\/index.php?rest_route=%2Fwp%2Fv2%2Fproduct_cat&post=48476"},{"taxonomy":"product_tag","embeddable":true,"href":"https:\/\/www.deporteseli.com\/index.php?rest_route=%2Fwp%2Fv2%2Fproduct_tag&post=48476"}],"curies":[{"name":"wp","href":"https:\/\/api.w.org\/{rel}","templated":true}]}}