{"id":48469,"date":"2026-01-27T22:04:17","date_gmt":"2026-01-27T22:04:17","guid":{"rendered":"https:\/\/www.deporteseli.com\/?product=pantalon-adidas-jm1538"},"modified":"2026-03-07T06:41:57","modified_gmt":"2026-03-07T06:41:57","slug":"pantalon-adidas-jm1538","status":"publish","type":"product","link":"https:\/\/www.deporteseli.com\/?product=pantalon-adidas-jm1538","title":{"rendered":"PANTALON ADIDAS JM1538"},"content":{"rendered":"<p>Pantal\u00f3n tipogr\u00e1fico universitario Seasonals Essentials para ni\u00f1os  Pantalones deportivos de polar para uso diario.  Estos pantalones deportivos juveniles de adidas son ideales para la comodidad y la conexi\u00f3n con la cultura deportiva. Su logotipo de inspiraci\u00f3n universitaria celebra el legado de la marca en el deporte. Con un suave tejido polar, bolsillos laterales y ribetes en contraste, estos pantalones son perfectos para relajarse o salir.                                                                                                                                                                                                                                                                                                                                                                                                                                                                                                                                                                                                                                                                                                                                                                                                                                                                                                                                                                                                                                        <\/p>\n","protected":false},"excerpt":{"rendered":"<p>PANTALON ADIDAS JM1538<\/p>\n","protected":false},"featured_media":60521,"template":"","meta":[],"product_brand":[],"product_cat":[301],"product_tag":[18],"class_list":{"0":"post-48469","1":"product","2":"type-product","3":"status-publish","4":"has-post-thumbnail","6":"product_cat-nino_textil_pantalones","7":"product_tag-adidas","8":"pa_color-unico","9":"pa_talla-t-10","10":"pa_talla-t-14","11":"thunk-woo-product-list","12":"opn-qv-enable","13":"open-woo-hover-","14":"open-single-product-tab-horizontal","15":"open-shadow-","16":"open-shadow-hover-","18":"first","19":"instock","20":"shipping-taxable","21":"purchasable","22":"product-type-variable"},"jetpack_sharing_enabled":true,"_links":{"self":[{"href":"https:\/\/www.deporteseli.com\/index.php?rest_route=\/wp\/v2\/product\/48469","targetHints":{"allow":["GET"]}}],"collection":[{"href":"https:\/\/www.deporteseli.com\/index.php?rest_route=\/wp\/v2\/product"}],"about":[{"href":"https:\/\/www.deporteseli.com\/index.php?rest_route=\/wp\/v2\/types\/product"}],"wp:featuredmedia":[{"embeddable":true,"href":"https:\/\/www.deporteseli.com\/index.php?rest_route=\/wp\/v2\/media\/60521"}],"wp:attachment":[{"href":"https:\/\/www.deporteseli.com\/index.php?rest_route=%2Fwp%2Fv2%2Fmedia&parent=48469"}],"wp:term":[{"taxonomy":"product_brand","embeddable":true,"href":"https:\/\/www.deporteseli.com\/index.php?rest_route=%2Fwp%2Fv2%2Fproduct_brand&post=48469"},{"taxonomy":"product_cat","embeddable":true,"href":"https:\/\/www.deporteseli.com\/index.php?rest_route=%2Fwp%2Fv2%2Fproduct_cat&post=48469"},{"taxonomy":"product_tag","embeddable":true,"href":"https:\/\/www.deporteseli.com\/index.php?rest_route=%2Fwp%2Fv2%2Fproduct_tag&post=48469"}],"curies":[{"name":"wp","href":"https:\/\/api.w.org\/{rel}","templated":true}]}}