{"id":48450,"date":"2026-01-27T22:03:49","date_gmt":"2026-01-27T22:03:49","guid":{"rendered":"https:\/\/www.deporteseli.com\/?product=chandal-adidas-jw4981"},"modified":"2026-03-07T06:41:52","modified_gmt":"2026-03-07T06:41:52","slug":"chandal-adidas-jw4981","status":"publish","type":"product","link":"https:\/\/www.deporteseli.com\/?product=chandal-adidas-jw4981","title":{"rendered":"CHANDAL ADIDAS JW4981"},"content":{"rendered":"<p>Descripci\u00f3n  Con este ch\u00e1ndal adidas para peques imparables no habr\u00e1 aventura que se le resista. Se ha confeccionado en un tejido de punto muy c\u00f3modo y suave que le brinda horas y horas de diversi\u00f3n. Los pu\u00f1os de canal\u00e9 evitan que las mangas de la chaqueta y las perneras se suban mientras juega, gatea y corre por el parque. La tecnolog\u00eda CLIMACOOL aleja el sudor de la piel, manteni\u00e9ndola fresca y seca para minimizar las distracciones y optimizar tu rendimiento.  CLIMACOOL le ayuda a gestionar la transpiraci\u00f3n con materiales que expulsan la humedad r\u00e1pidamente. Sus fibras de secado r\u00e1pido le proporcionan una agradable sensaci\u00f3n de frescura.  Este producto se ha fabricado con un 100% de materiales reciclados. Utilizando materiales reciclados, reducimos los residuos, nuestra dependencia de los recursos finitos y la huella que generan los productos que fabricamos.                                                                                                                                                                                                                                                                                                                                                                                                                                                                                                                                                                                                                                                                                                                                                                                                                                                                                                                                                                                                                                        <\/p>\n","protected":false},"excerpt":{"rendered":"<p>CHANDAL ADIDAS JW4981<\/p>\n","protected":false},"featured_media":60510,"template":"","meta":[],"product_brand":[],"product_cat":[380],"product_tag":[18],"class_list":{"0":"post-48450","1":"product","2":"type-product","3":"status-publish","4":"has-post-thumbnail","6":"product_cat-ninas_textil_chandals","7":"product_tag-adidas","8":"pa_color-unico","9":"pa_talla-103","10":"pa_talla-167","11":"pa_talla-168","12":"thunk-woo-product-list","13":"opn-qv-enable","14":"open-woo-hover-","15":"open-single-product-tab-horizontal","16":"open-shadow-","17":"open-shadow-hover-","19":"first","20":"instock","21":"shipping-taxable","22":"purchasable","23":"product-type-variable"},"jetpack_sharing_enabled":true,"_links":{"self":[{"href":"https:\/\/www.deporteseli.com\/index.php?rest_route=\/wp\/v2\/product\/48450","targetHints":{"allow":["GET"]}}],"collection":[{"href":"https:\/\/www.deporteseli.com\/index.php?rest_route=\/wp\/v2\/product"}],"about":[{"href":"https:\/\/www.deporteseli.com\/index.php?rest_route=\/wp\/v2\/types\/product"}],"wp:featuredmedia":[{"embeddable":true,"href":"https:\/\/www.deporteseli.com\/index.php?rest_route=\/wp\/v2\/media\/60510"}],"wp:attachment":[{"href":"https:\/\/www.deporteseli.com\/index.php?rest_route=%2Fwp%2Fv2%2Fmedia&parent=48450"}],"wp:term":[{"taxonomy":"product_brand","embeddable":true,"href":"https:\/\/www.deporteseli.com\/index.php?rest_route=%2Fwp%2Fv2%2Fproduct_brand&post=48450"},{"taxonomy":"product_cat","embeddable":true,"href":"https:\/\/www.deporteseli.com\/index.php?rest_route=%2Fwp%2Fv2%2Fproduct_cat&post=48450"},{"taxonomy":"product_tag","embeddable":true,"href":"https:\/\/www.deporteseli.com\/index.php?rest_route=%2Fwp%2Fv2%2Fproduct_tag&post=48450"}],"curies":[{"name":"wp","href":"https:\/\/api.w.org\/{rel}","templated":true}]}}