{"id":48448,"date":"2026-01-27T22:03:45","date_gmt":"2026-01-27T22:03:45","guid":{"rendered":"https:\/\/www.deporteseli.com\/?product=chandal-j-smith-castre"},"modified":"2026-03-07T06:41:48","modified_gmt":"2026-03-07T06:41:48","slug":"chandal-j-smith-castre","status":"publish","type":"product","link":"https:\/\/www.deporteseli.com\/?product=chandal-j-smith-castre","title":{"rendered":"CHANDAL J.SMITH CASTRE"},"content":{"rendered":"<p>Ch\u00e1ndal de felpa perchada: suavidad, abrigo y estilo casual.    Este ch\u00e1ndal en felpa con interior perchado es la opci\u00f3n ideal para los d\u00edas m\u00e1s frescos.  La chaqueta abierta incorpora bolsillos laterales y acabados en canal\u00e9 el\u00e1stico en pu\u00f1os y bajo, que garantizan un ajuste c\u00f3modo y moderno.  El pantal\u00f3n, de corte recto, tambi\u00e9n cuenta con bolsillos laterales y una cinturilla el\u00e1stica con cord\u00f3n para un ajuste personalizado.  Perfecto para relajarte, salir o moverte con libertad sin perder el estilo.                                                                                                                                                                                                                                                                                                                                                                                                                                                                                                                                                                                                                                                                                                                                                                                                                                                                                                                                                                                                                                        <\/p>\n","protected":false},"excerpt":{"rendered":"<p>CHANDAL J.SMITH CASTRE<\/p>\n","protected":false},"featured_media":60506,"template":"","meta":[],"product_brand":[],"product_cat":[248],"product_tag":[43],"class_list":{"0":"post-48448","1":"product","2":"type-product","3":"status-publish","4":"has-post-thumbnail","6":"product_cat-hombre_textil_chandals","7":"product_tag-jhon_smith","8":"pa_color-unico","9":"pa_talla-m","10":"thunk-woo-product-list","11":"opn-qv-enable","12":"open-woo-hover-","13":"open-single-product-tab-horizontal","14":"open-shadow-","15":"open-shadow-hover-","17":"first","18":"instock","19":"shipping-taxable","20":"purchasable","21":"product-type-variable"},"jetpack_sharing_enabled":true,"_links":{"self":[{"href":"https:\/\/www.deporteseli.com\/index.php?rest_route=\/wp\/v2\/product\/48448","targetHints":{"allow":["GET"]}}],"collection":[{"href":"https:\/\/www.deporteseli.com\/index.php?rest_route=\/wp\/v2\/product"}],"about":[{"href":"https:\/\/www.deporteseli.com\/index.php?rest_route=\/wp\/v2\/types\/product"}],"wp:featuredmedia":[{"embeddable":true,"href":"https:\/\/www.deporteseli.com\/index.php?rest_route=\/wp\/v2\/media\/60506"}],"wp:attachment":[{"href":"https:\/\/www.deporteseli.com\/index.php?rest_route=%2Fwp%2Fv2%2Fmedia&parent=48448"}],"wp:term":[{"taxonomy":"product_brand","embeddable":true,"href":"https:\/\/www.deporteseli.com\/index.php?rest_route=%2Fwp%2Fv2%2Fproduct_brand&post=48448"},{"taxonomy":"product_cat","embeddable":true,"href":"https:\/\/www.deporteseli.com\/index.php?rest_route=%2Fwp%2Fv2%2Fproduct_cat&post=48448"},{"taxonomy":"product_tag","embeddable":true,"href":"https:\/\/www.deporteseli.com\/index.php?rest_route=%2Fwp%2Fv2%2Fproduct_tag&post=48448"}],"curies":[{"name":"wp","href":"https:\/\/api.w.org\/{rel}","templated":true}]}}