{"id":48422,"date":"2026-01-27T22:03:07","date_gmt":"2026-01-27T22:03:07","guid":{"rendered":"https:\/\/www.deporteseli.com\/?product=chandal-champion-307326"},"modified":"2026-03-07T06:41:25","modified_gmt":"2026-03-07T06:41:25","slug":"chandal-champion-307326","status":"publish","type":"product","link":"https:\/\/www.deporteseli.com\/?product=chandal-champion-307326","title":{"rendered":"CHANDAL CHAMPION 307326"},"content":{"rendered":"<p>Estilo cl\u00e1sico y deportivo * Ocasi\u00f3n informal y deportiva * Estampado * Composici\u00f3n: 54 % algod\u00f3n, 46 % poli\u00e9ster * Manga larga                                                                                                                                                                                                                                                                                                                                                                                                                                                                                                                                                                                                                                                                                                                                                                                                                                                                                                                                                                                                                                        <\/p>\n","protected":false},"excerpt":{"rendered":"<p>CHANDAL CHAMPION 307326<\/p>\n","protected":false},"featured_media":60498,"template":"","meta":[],"product_brand":[],"product_cat":[298],"product_tag":[51],"class_list":{"0":"post-48422","1":"product","2":"type-product","3":"status-publish","4":"has-post-thumbnail","6":"product_cat-nino_textil_chandals","7":"product_tag-champion","8":"pa_color-unico","9":"pa_talla-18-meses","10":"pa_talla-103","11":"pa_talla-167","12":"pa_talla-168","13":"thunk-woo-product-list","14":"opn-qv-enable","15":"open-woo-hover-","16":"open-single-product-tab-horizontal","17":"open-shadow-","18":"open-shadow-hover-","20":"first","21":"instock","22":"shipping-taxable","23":"purchasable","24":"product-type-variable"},"jetpack_sharing_enabled":true,"_links":{"self":[{"href":"https:\/\/www.deporteseli.com\/index.php?rest_route=\/wp\/v2\/product\/48422","targetHints":{"allow":["GET"]}}],"collection":[{"href":"https:\/\/www.deporteseli.com\/index.php?rest_route=\/wp\/v2\/product"}],"about":[{"href":"https:\/\/www.deporteseli.com\/index.php?rest_route=\/wp\/v2\/types\/product"}],"wp:featuredmedia":[{"embeddable":true,"href":"https:\/\/www.deporteseli.com\/index.php?rest_route=\/wp\/v2\/media\/60498"}],"wp:attachment":[{"href":"https:\/\/www.deporteseli.com\/index.php?rest_route=%2Fwp%2Fv2%2Fmedia&parent=48422"}],"wp:term":[{"taxonomy":"product_brand","embeddable":true,"href":"https:\/\/www.deporteseli.com\/index.php?rest_route=%2Fwp%2Fv2%2Fproduct_brand&post=48422"},{"taxonomy":"product_cat","embeddable":true,"href":"https:\/\/www.deporteseli.com\/index.php?rest_route=%2Fwp%2Fv2%2Fproduct_cat&post=48422"},{"taxonomy":"product_tag","embeddable":true,"href":"https:\/\/www.deporteseli.com\/index.php?rest_route=%2Fwp%2Fv2%2Fproduct_tag&post=48422"}],"curies":[{"name":"wp","href":"https:\/\/api.w.org\/{rel}","templated":true}]}}