{"id":48394,"date":"2026-01-27T22:02:31","date_gmt":"2026-01-27T22:02:31","guid":{"rendered":"https:\/\/www.deporteseli.com\/?product=camisa-champion-307259"},"modified":"2026-03-07T06:40:57","modified_gmt":"2026-03-07T06:40:57","slug":"camisa-champion-307259","status":"publish","type":"product","link":"https:\/\/www.deporteseli.com\/?product=camisa-champion-307259","title":{"rendered":"CAMISA CHAMPION 307259"},"content":{"rendered":"<p>Prep\u00e1rate para descubrir la camiseta de manga corta que combina comodidad y estilo, ideal para los amantes del deporte. Fabricada por Champion, esta camiseta burdeos es perfecta para ni\u00f1os en\u00e9rgicos y apasionados del deporte. Confeccionada con un tejido suave y transpirable, garantiza la m\u00e1xima libertad de movimiento en cada aventura, tanto dentro como fuera del campo. El tono burdeos a\u00f1ade un toque de vitalidad atemporal al armario de tus peque\u00f1os. Esta camiseta, dise\u00f1ada con un corte vers\u00e1til y moderno, es perfecta para combinar con pantalones cortos deportivos o joggers y zapatillas, creando un look din\u00e1mico y llamativo. Deja que tus peque\u00f1os se expresen plenamente con una prenda que combina funcionalidad y estilo.                                                                                                                                                                                                                                                                                                                                                                                                                                                                                                                                                                                                                                                                                                                                                                                                                                                                                                                                                                                                                                        <\/p>\n","protected":false},"excerpt":{"rendered":"<p>CAMISA CHAMPION 307259<\/p>\n","protected":false},"featured_media":60489,"template":"","meta":[],"product_brand":[],"product_cat":[296],"product_tag":[51],"class_list":{"0":"post-48394","1":"product","2":"type-product","3":"status-publish","4":"has-post-thumbnail","6":"product_cat-nino_textil_camisetas","7":"product_tag-champion","8":"pa_color-unico","9":"pa_talla-l","10":"pa_talla-m","11":"pa_talla-xl","12":"pa_talla-xxl","13":"thunk-woo-product-list","14":"opn-qv-enable","15":"open-woo-hover-","16":"open-single-product-tab-horizontal","17":"open-shadow-","18":"open-shadow-hover-","20":"first","21":"instock","22":"shipping-taxable","23":"purchasable","24":"product-type-variable"},"jetpack_sharing_enabled":true,"_links":{"self":[{"href":"https:\/\/www.deporteseli.com\/index.php?rest_route=\/wp\/v2\/product\/48394","targetHints":{"allow":["GET"]}}],"collection":[{"href":"https:\/\/www.deporteseli.com\/index.php?rest_route=\/wp\/v2\/product"}],"about":[{"href":"https:\/\/www.deporteseli.com\/index.php?rest_route=\/wp\/v2\/types\/product"}],"wp:featuredmedia":[{"embeddable":true,"href":"https:\/\/www.deporteseli.com\/index.php?rest_route=\/wp\/v2\/media\/60489"}],"wp:attachment":[{"href":"https:\/\/www.deporteseli.com\/index.php?rest_route=%2Fwp%2Fv2%2Fmedia&parent=48394"}],"wp:term":[{"taxonomy":"product_brand","embeddable":true,"href":"https:\/\/www.deporteseli.com\/index.php?rest_route=%2Fwp%2Fv2%2Fproduct_brand&post=48394"},{"taxonomy":"product_cat","embeddable":true,"href":"https:\/\/www.deporteseli.com\/index.php?rest_route=%2Fwp%2Fv2%2Fproduct_cat&post=48394"},{"taxonomy":"product_tag","embeddable":true,"href":"https:\/\/www.deporteseli.com\/index.php?rest_route=%2Fwp%2Fv2%2Fproduct_tag&post=48394"}],"curies":[{"name":"wp","href":"https:\/\/api.w.org\/{rel}","templated":true}]}}