{"id":48392,"date":"2026-01-27T22:02:28","date_gmt":"2026-01-27T22:02:28","guid":{"rendered":"https:\/\/www.deporteseli.com\/?product=camisa-champion-221798"},"modified":"2026-03-07T06:40:52","modified_gmt":"2026-03-07T06:40:52","slug":"camisa-champion-221798","status":"publish","type":"product","link":"https:\/\/www.deporteseli.com\/?product=camisa-champion-221798","title":{"rendered":"CAMISA CHAMPION 221798"},"content":{"rendered":"<p>Camiseta Champion de corte recto para hombre con un dise\u00f1o sencillo y un logotipo en el pecho. Esta camiseta de manga corta tiene un corte recto, ideal para quienes prefieren la ropa demasiado holgada o ajustada. Est\u00e1 confeccionada en jersey de algod\u00f3n suave y de primera calidad. Una prenda ic\u00f3nica que no puede faltar en tu armario.    Corte y caracter\u00edsticas:  &#8211; corte recto, ideal para quienes no les gusta la ropa demasiado suelta o ajustada  &#8211; corte cl\u00e1sico de hombros y mangas  &#8211; mangas cortas  &#8211; largo est\u00e1ndar  &#8211; escote redondo con dobladillo  &#8211; peque\u00f1o logo de Champion en el pecho y la manga    Material:   &#8211; Material suave y de primera calidad llamado jersey  &#8211; Agradable al tacto  &#8211; 100% algod\u00f3n                                                                                                                                                                                                                                                                                                                                                                                                                                                                                                                                                                                                                                                                                                                                                                                                                                                                                                                                                                                                                                        <\/p>\n","protected":false},"excerpt":{"rendered":"<p>CAMISA CHAMPION 221798<\/p>\n","protected":false},"featured_media":60488,"template":"","meta":[],"product_brand":[],"product_cat":[245],"product_tag":[51],"class_list":{"0":"post-48392","1":"product","2":"type-product","3":"status-publish","4":"has-post-thumbnail","6":"product_cat-hombre_textil_camisetas","7":"product_tag-champion","8":"pa_color-unico","9":"pa_talla-xl","10":"thunk-woo-product-list","11":"opn-qv-enable","12":"open-woo-hover-","13":"open-single-product-tab-horizontal","14":"open-shadow-","15":"open-shadow-hover-","17":"first","18":"instock","19":"shipping-taxable","20":"purchasable","21":"product-type-variable"},"jetpack_sharing_enabled":true,"_links":{"self":[{"href":"https:\/\/www.deporteseli.com\/index.php?rest_route=\/wp\/v2\/product\/48392","targetHints":{"allow":["GET"]}}],"collection":[{"href":"https:\/\/www.deporteseli.com\/index.php?rest_route=\/wp\/v2\/product"}],"about":[{"href":"https:\/\/www.deporteseli.com\/index.php?rest_route=\/wp\/v2\/types\/product"}],"wp:featuredmedia":[{"embeddable":true,"href":"https:\/\/www.deporteseli.com\/index.php?rest_route=\/wp\/v2\/media\/60488"}],"wp:attachment":[{"href":"https:\/\/www.deporteseli.com\/index.php?rest_route=%2Fwp%2Fv2%2Fmedia&parent=48392"}],"wp:term":[{"taxonomy":"product_brand","embeddable":true,"href":"https:\/\/www.deporteseli.com\/index.php?rest_route=%2Fwp%2Fv2%2Fproduct_brand&post=48392"},{"taxonomy":"product_cat","embeddable":true,"href":"https:\/\/www.deporteseli.com\/index.php?rest_route=%2Fwp%2Fv2%2Fproduct_cat&post=48392"},{"taxonomy":"product_tag","embeddable":true,"href":"https:\/\/www.deporteseli.com\/index.php?rest_route=%2Fwp%2Fv2%2Fproduct_tag&post=48392"}],"curies":[{"name":"wp","href":"https:\/\/api.w.org\/{rel}","templated":true}]}}