{"id":48360,"date":"2026-01-27T22:01:37","date_gmt":"2026-01-27T22:01:37","guid":{"rendered":"https:\/\/www.deporteseli.com\/?product=sudadera-champion-221647"},"modified":"2026-03-07T06:40:22","modified_gmt":"2026-03-07T06:40:22","slug":"sudadera-champion-221647","status":"publish","type":"product","link":"https:\/\/www.deporteseli.com\/?product=sudadera-champion-221647","title":{"rendered":"SUDADERA CHAMPION 221647"},"content":{"rendered":"<p>Descripci\u00f3n  La sudadera Champion Graphic Shop para hombre es una prenda ideal para quienes buscan comodidad y estilo.  Dise\u00f1ada con una capucha ajustable, esta sudadera proporciona abrigo y protecci\u00f3n en d\u00edas frescos.  Confeccionada en c\u00e1lido forro polar de algod\u00f3n, ofrece una sensaci\u00f3n suave y agradable al tacto.  Su gran logotipo de Champion estampado en el pecho a\u00f1ade un toque de autenticidad y sporty.  Adem\u00e1s, cuenta con un pr\u00e1ctico bolsillo tipo canguro, perfecto para llevar tus esenciales.  Es la elecci\u00f3n perfecta para lucir bien mientras te mantienes c\u00f3modo.    Caracter\u00edsticas  Sudadera  Con capucha ajustable  Confeccionada en c\u00e1lido forro polar de algod\u00f3n  Gran logotipo de Champion estampado en el pecho  Bolsillo tipo canguro                                                                                                                                                                                                                                                                                                                                                                                                                                                                                                                                                                                                                                                                                                                                                                                                                                                                                                                                                                                                                                        <\/p>\n","protected":false},"excerpt":{"rendered":"<p>SUDADERA CHAMPION 221647<\/p>\n","protected":false},"featured_media":60478,"template":"","meta":[],"product_brand":[],"product_cat":[253],"product_tag":[51],"class_list":{"0":"post-48360","1":"product","2":"type-product","3":"status-publish","4":"has-post-thumbnail","6":"product_cat-hombre_textil_sudaderas","7":"product_tag-champion","8":"pa_color-unico","9":"pa_talla-s","10":"pa_talla-xxl","11":"thunk-woo-product-list","12":"opn-qv-enable","13":"open-woo-hover-","14":"open-single-product-tab-horizontal","15":"open-shadow-","16":"open-shadow-hover-","18":"first","19":"instock","20":"shipping-taxable","21":"purchasable","22":"product-type-variable"},"jetpack_sharing_enabled":true,"_links":{"self":[{"href":"https:\/\/www.deporteseli.com\/index.php?rest_route=\/wp\/v2\/product\/48360","targetHints":{"allow":["GET"]}}],"collection":[{"href":"https:\/\/www.deporteseli.com\/index.php?rest_route=\/wp\/v2\/product"}],"about":[{"href":"https:\/\/www.deporteseli.com\/index.php?rest_route=\/wp\/v2\/types\/product"}],"wp:featuredmedia":[{"embeddable":true,"href":"https:\/\/www.deporteseli.com\/index.php?rest_route=\/wp\/v2\/media\/60478"}],"wp:attachment":[{"href":"https:\/\/www.deporteseli.com\/index.php?rest_route=%2Fwp%2Fv2%2Fmedia&parent=48360"}],"wp:term":[{"taxonomy":"product_brand","embeddable":true,"href":"https:\/\/www.deporteseli.com\/index.php?rest_route=%2Fwp%2Fv2%2Fproduct_brand&post=48360"},{"taxonomy":"product_cat","embeddable":true,"href":"https:\/\/www.deporteseli.com\/index.php?rest_route=%2Fwp%2Fv2%2Fproduct_cat&post=48360"},{"taxonomy":"product_tag","embeddable":true,"href":"https:\/\/www.deporteseli.com\/index.php?rest_route=%2Fwp%2Fv2%2Fproduct_tag&post=48360"}],"curies":[{"name":"wp","href":"https:\/\/api.w.org\/{rel}","templated":true}]}}