{"id":48355,"date":"2026-01-27T22:01:31","date_gmt":"2026-01-27T22:01:31","guid":{"rendered":"https:\/\/www.deporteseli.com\/?product=pantalon-champion-118411"},"modified":"2026-03-07T06:40:18","modified_gmt":"2026-03-07T06:40:18","slug":"pantalon-champion-118411","status":"publish","type":"product","link":"https:\/\/www.deporteseli.com\/?product=pantalon-champion-118411","title":{"rendered":"PANTALON CHAMPION 118411"},"content":{"rendered":"<p>Dise\u00f1ados para quienes buscan un estilo audaz y c\u00f3modo, estos leggings de talle alto abrazan la silueta con un ajuste ce\u00f1ido y un look distintivo. El efecto lavado resalta la textura del tejido y le da a la prenda un aire aut\u00e9ntico y vintage. El logo tono sobre tono completa el dise\u00f1o con el estilo perfecto de Champion.  Tejido: Jersey de algod\u00f3n el\u00e1stico 250 g\/m\u00b2  Composici\u00f3n: 90 % algod\u00f3n, 10 % elastano  Acabado lavado para efecto desgastado  Cintura alta el\u00e1stica  Pu\u00f1os de canal\u00e9 en el bajo  Logo bordado tono sobre tono  Corte: Fitted \u2013 Ajustado y ce\u00f1ido al cuerpo.                                                                                                                                                                                                                                                                                                                                                                                                                                                                                                                                                                                                                                                                                                                                                                                                                                                                                                                                                                                                                                        <\/p>\n","protected":false},"excerpt":{"rendered":"<p>PANTALON CHAMPION 118411<\/p>\n","protected":false},"featured_media":60474,"template":"","meta":[],"product_brand":[],"product_cat":[281],"product_tag":[51],"class_list":{"0":"post-48355","1":"product","2":"type-product","3":"status-publish","4":"has-post-thumbnail","6":"product_cat-mujer_textil_mallas","7":"product_tag-champion","8":"pa_color-unico","9":"pa_talla-l","10":"pa_talla-m","11":"pa_talla-s","12":"pa_talla-xl","13":"thunk-woo-product-list","14":"opn-qv-enable","15":"open-woo-hover-","16":"open-single-product-tab-horizontal","17":"open-shadow-","18":"open-shadow-hover-","20":"first","21":"instock","22":"shipping-taxable","23":"purchasable","24":"product-type-variable"},"jetpack_sharing_enabled":true,"_links":{"self":[{"href":"https:\/\/www.deporteseli.com\/index.php?rest_route=\/wp\/v2\/product\/48355","targetHints":{"allow":["GET"]}}],"collection":[{"href":"https:\/\/www.deporteseli.com\/index.php?rest_route=\/wp\/v2\/product"}],"about":[{"href":"https:\/\/www.deporteseli.com\/index.php?rest_route=\/wp\/v2\/types\/product"}],"wp:featuredmedia":[{"embeddable":true,"href":"https:\/\/www.deporteseli.com\/index.php?rest_route=\/wp\/v2\/media\/60474"}],"wp:attachment":[{"href":"https:\/\/www.deporteseli.com\/index.php?rest_route=%2Fwp%2Fv2%2Fmedia&parent=48355"}],"wp:term":[{"taxonomy":"product_brand","embeddable":true,"href":"https:\/\/www.deporteseli.com\/index.php?rest_route=%2Fwp%2Fv2%2Fproduct_brand&post=48355"},{"taxonomy":"product_cat","embeddable":true,"href":"https:\/\/www.deporteseli.com\/index.php?rest_route=%2Fwp%2Fv2%2Fproduct_cat&post=48355"},{"taxonomy":"product_tag","embeddable":true,"href":"https:\/\/www.deporteseli.com\/index.php?rest_route=%2Fwp%2Fv2%2Fproduct_tag&post=48355"}],"curies":[{"name":"wp","href":"https:\/\/api.w.org\/{rel}","templated":true}]}}