{"id":48353,"date":"2026-01-27T22:01:28","date_gmt":"2026-01-27T22:01:28","guid":{"rendered":"https:\/\/www.deporteseli.com\/?product=camisa-champion-118382-2"},"modified":"2026-03-07T06:40:13","modified_gmt":"2026-03-07T06:40:13","slug":"camisa-champion-118382-2","status":"publish","type":"product","link":"https:\/\/www.deporteseli.com\/?product=camisa-champion-118382-2","title":{"rendered":"CAMISA CHAMPION 118382"},"content":{"rendered":"<p>Esta camiseta de la l\u00ednea Icons combina construcci\u00f3n cl\u00e1sica con un toque femenino y refinado. El logo Champion bordado tono sobre tono en el pecho encaja elegantemente en la delicada paleta de colores, realzando el dise\u00f1o esencial. El jersey peinado ofrece una sensaci\u00f3n suave y compacta, mientras que el fit slim sigue las l\u00edneas del cuerpo, proporcionando un ajuste c\u00f3modo y definido.  Tejido: Jersey peinado 180 g\/m\u00b2  Composici\u00f3n: 100 % algod\u00f3n  Logo Champion bordado a tono en el pecho  Cuello de canal\u00e9  Logo C bordado en la manga  Corte: Slim Fit \u2013 ce\u00f1ido pero no ajustado. La prenda sigue las curvas del cuerpo de forma natural.                                                                                                                                                                                                                                                                                                                                                                                                                                                                                                                                                                                                                                                                                                                                                                                                                                                                                                                                                                                                                                        <\/p>\n","protected":false},"excerpt":{"rendered":"<p>CAMISA CHAMPION 118382<\/p>\n","protected":false},"featured_media":60471,"template":"","meta":[],"product_brand":[],"product_cat":[269],"product_tag":[51],"class_list":{"0":"post-48353","1":"product","2":"type-product","3":"status-publish","4":"has-post-thumbnail","6":"product_cat-mujer_textil_camisetas","7":"product_tag-champion","8":"pa_color-unico","9":"pa_talla-m","10":"thunk-woo-product-list","11":"opn-qv-enable","12":"open-woo-hover-","13":"open-single-product-tab-horizontal","14":"open-shadow-","15":"open-shadow-hover-","17":"first","18":"instock","19":"shipping-taxable","20":"purchasable","21":"product-type-variable"},"jetpack_sharing_enabled":true,"_links":{"self":[{"href":"https:\/\/www.deporteseli.com\/index.php?rest_route=\/wp\/v2\/product\/48353","targetHints":{"allow":["GET"]}}],"collection":[{"href":"https:\/\/www.deporteseli.com\/index.php?rest_route=\/wp\/v2\/product"}],"about":[{"href":"https:\/\/www.deporteseli.com\/index.php?rest_route=\/wp\/v2\/types\/product"}],"wp:featuredmedia":[{"embeddable":true,"href":"https:\/\/www.deporteseli.com\/index.php?rest_route=\/wp\/v2\/media\/60471"}],"wp:attachment":[{"href":"https:\/\/www.deporteseli.com\/index.php?rest_route=%2Fwp%2Fv2%2Fmedia&parent=48353"}],"wp:term":[{"taxonomy":"product_brand","embeddable":true,"href":"https:\/\/www.deporteseli.com\/index.php?rest_route=%2Fwp%2Fv2%2Fproduct_brand&post=48353"},{"taxonomy":"product_cat","embeddable":true,"href":"https:\/\/www.deporteseli.com\/index.php?rest_route=%2Fwp%2Fv2%2Fproduct_cat&post=48353"},{"taxonomy":"product_tag","embeddable":true,"href":"https:\/\/www.deporteseli.com\/index.php?rest_route=%2Fwp%2Fv2%2Fproduct_tag&post=48353"}],"curies":[{"name":"wp","href":"https:\/\/api.w.org\/{rel}","templated":true}]}}