{"id":48344,"date":"2026-01-27T22:01:15","date_gmt":"2026-01-27T22:01:15","guid":{"rendered":"https:\/\/www.deporteseli.com\/?product=pantalon-champion-118256"},"modified":"2026-03-07T06:40:05","modified_gmt":"2026-03-07T06:40:05","slug":"pantalon-champion-118256","status":"publish","type":"product","link":"https:\/\/www.deporteseli.com\/?product=pantalon-champion-118256","title":{"rendered":"PANTALON CHAMPION 118256"},"content":{"rendered":"<p>Estos pantalones con pu\u00f1o para mujer combinan confort y estilo. Confeccionados en fleece compacto y suave con interior afelpado, presentan una silueta slim que realza la figura. El logo script en la pierna a\u00f1ade un toque atrevido y aut\u00e9ntico. Ideales para relajarte o disfrutar del tiempo libre.    Tejido: Felpa compacta y suave en mezcla de algod\u00f3n, gramaje: 280 g\/m\u00b2  Composici\u00f3n: 55 % algod\u00f3n 45 % poli\u00e9ster  Logo script estampado en la pierna  Interior afelpado  Pu\u00f1o en el tobillo  Ajuste: Slim Fit: entallado pero no ajustado.                                                                                                                                                                                                                                                                                                                                                                                                                                                                                                                                                                                                                                                                                                                                                                                                                                                                                                                                                                                                                                        <\/p>\n","protected":false},"excerpt":{"rendered":"<p>PANTALON CHAMPION 118256<\/p>\n","protected":false},"featured_media":60461,"template":"","meta":[],"product_brand":[],"product_cat":[278],"product_tag":[51],"class_list":{"0":"post-48344","1":"product","2":"type-product","3":"status-publish","4":"has-post-thumbnail","6":"product_cat-mujer_textil_pantalones","7":"product_tag-champion","8":"pa_color-unico","9":"pa_talla-l","10":"pa_talla-m","11":"thunk-woo-product-list","12":"opn-qv-enable","13":"open-woo-hover-","14":"open-single-product-tab-horizontal","15":"open-shadow-","16":"open-shadow-hover-","18":"first","19":"instock","20":"shipping-taxable","21":"purchasable","22":"product-type-variable"},"jetpack_sharing_enabled":true,"_links":{"self":[{"href":"https:\/\/www.deporteseli.com\/index.php?rest_route=\/wp\/v2\/product\/48344","targetHints":{"allow":["GET"]}}],"collection":[{"href":"https:\/\/www.deporteseli.com\/index.php?rest_route=\/wp\/v2\/product"}],"about":[{"href":"https:\/\/www.deporteseli.com\/index.php?rest_route=\/wp\/v2\/types\/product"}],"wp:featuredmedia":[{"embeddable":true,"href":"https:\/\/www.deporteseli.com\/index.php?rest_route=\/wp\/v2\/media\/60461"}],"wp:attachment":[{"href":"https:\/\/www.deporteseli.com\/index.php?rest_route=%2Fwp%2Fv2%2Fmedia&parent=48344"}],"wp:term":[{"taxonomy":"product_brand","embeddable":true,"href":"https:\/\/www.deporteseli.com\/index.php?rest_route=%2Fwp%2Fv2%2Fproduct_brand&post=48344"},{"taxonomy":"product_cat","embeddable":true,"href":"https:\/\/www.deporteseli.com\/index.php?rest_route=%2Fwp%2Fv2%2Fproduct_cat&post=48344"},{"taxonomy":"product_tag","embeddable":true,"href":"https:\/\/www.deporteseli.com\/index.php?rest_route=%2Fwp%2Fv2%2Fproduct_tag&post=48344"}],"curies":[{"name":"wp","href":"https:\/\/api.w.org\/{rel}","templated":true}]}}