{"id":48336,"date":"2026-01-27T22:01:05","date_gmt":"2026-01-27T22:01:05","guid":{"rendered":"https:\/\/www.deporteseli.com\/?product=bolso-champion-806023"},"modified":"2026-01-27T22:01:06","modified_gmt":"2026-01-27T22:01:06","slug":"bolso-champion-806023","status":"publish","type":"product","link":"https:\/\/www.deporteseli.com\/?product=bolso-champion-806023","title":{"rendered":"BOLSO CHAMPION 806023"},"content":{"rendered":"<p>El bolso de hombro Champion modelo 806023 es un accesorio pr\u00e1ctico y elegante, ideal para el d\u00eda a d\u00eda. Est\u00e1 dise\u00f1ado para quienes buscan comodidad y funcionalidad en un formato compacto. Estas son sus principales caracter\u00edsticas:    Material: Hecho de poli\u00e9ster de alta calidad y duradero, que garantiza resistencia al desgaste y f\u00e1cil mantenimiento.  Capacidad: Compacto, pero lo suficientemente espacioso para art\u00edculos esenciales como su tel\u00e9fono, billetera, llaves y art\u00edculos personales m\u00e1s peque\u00f1os.  Compartimento principal: El compartimento principal con cremallera permite guardar de forma segura lo esencial.  Compartimentos adicionales: bolsillo frontal con cremallera para acceder f\u00e1cilmente a los art\u00edculos de uso frecuente.  Correa ajustable: El bolso tiene una correa de hombro ajustable que le permite ajustar la longitud para llevarlo c\u00f3modamente sobre el hombro o cruzado sobre el cuerpo (crossbody).  Logotipo: El ic\u00f3nico logotipo de Champion en la parte delantera, le da al bolso un aspecto deportivo y elegante.  Dimensiones:  Altura: aprox. 20 cm  Ancho: aprox. 15 cm  Profundidad: aprox. 5 cm  El bolso Champion 806023 es ideal para el uso diario, viajes o salidas, ya que combina practicidad y un look moderno.                                                                                                                                                                                                                                                                                                                                                                                                                                                                                                                                                                                                                                                                                                                                                                                                                                                                                                                                                                                                                                        <\/p>\n","protected":false},"excerpt":{"rendered":"<p>BOLSO CHAMPION 806023<\/p>\n","protected":false},"featured_media":60457,"template":"","meta":[],"product_brand":[],"product_cat":[423],"product_tag":[51],"class_list":{"0":"post-48336","1":"product","2":"type-product","3":"status-publish","4":"has-post-thumbnail","6":"product_cat-accesorios_bandoleras","7":"product_tag-champion","8":"pa_color-unico","9":"pa_talla-unica","10":"thunk-woo-product-list","11":"opn-qv-enable","12":"open-woo-hover-","13":"open-single-product-tab-horizontal","14":"open-shadow-","15":"open-shadow-hover-","17":"first","18":"instock","19":"shipping-taxable","20":"purchasable","21":"product-type-variable"},"jetpack_sharing_enabled":true,"_links":{"self":[{"href":"https:\/\/www.deporteseli.com\/index.php?rest_route=\/wp\/v2\/product\/48336","targetHints":{"allow":["GET"]}}],"collection":[{"href":"https:\/\/www.deporteseli.com\/index.php?rest_route=\/wp\/v2\/product"}],"about":[{"href":"https:\/\/www.deporteseli.com\/index.php?rest_route=\/wp\/v2\/types\/product"}],"wp:featuredmedia":[{"embeddable":true,"href":"https:\/\/www.deporteseli.com\/index.php?rest_route=\/wp\/v2\/media\/60457"}],"wp:attachment":[{"href":"https:\/\/www.deporteseli.com\/index.php?rest_route=%2Fwp%2Fv2%2Fmedia&parent=48336"}],"wp:term":[{"taxonomy":"product_brand","embeddable":true,"href":"https:\/\/www.deporteseli.com\/index.php?rest_route=%2Fwp%2Fv2%2Fproduct_brand&post=48336"},{"taxonomy":"product_cat","embeddable":true,"href":"https:\/\/www.deporteseli.com\/index.php?rest_route=%2Fwp%2Fv2%2Fproduct_cat&post=48336"},{"taxonomy":"product_tag","embeddable":true,"href":"https:\/\/www.deporteseli.com\/index.php?rest_route=%2Fwp%2Fv2%2Fproduct_tag&post=48336"}],"curies":[{"name":"wp","href":"https:\/\/api.w.org\/{rel}","templated":true}]}}