{"id":48326,"date":"2026-01-27T22:00:53","date_gmt":"2026-01-27T22:00:53","guid":{"rendered":"https:\/\/www.deporteseli.com\/?product=hypercourt-express-2-hb-2"},"modified":"2026-04-18T04:19:44","modified_gmt":"2026-04-18T04:19:44","slug":"hypercourt-express-2-hb-2","status":"publish","type":"product","link":"https:\/\/www.deporteseli.com\/?product=hypercourt-express-2-hb-2","title":{"rendered":"HYPERCOURT EXPRESS 2 HB"},"content":{"rendered":"<p>El zapato m\u00e1s vendido de K-Swiss, el Hypercourt Express 2, es ligero, c\u00f3modo, transpirable y tiene un ajuste generoso, lo que lo convierte en la opci\u00f3n ideal para una variedad de estilos y niveles de juego. Durawrap Flex brinda soporte al calzado sinper\u00edodo de adaptaci\u00f3n, mientras que la tecnolog\u00eda de entresuela Surgelite brinda comodidad durante todo el d\u00eda. El zapato tambi\u00e9n cuenta con una suela exterior en espiga con ranuras profundas para una tracci\u00f3n excepcional en superficies de tierra batida.                                                                                                                                                                                                                                                                                                                                                                                                                                                                                                                                                                                                                                                                                                                                                                                                                                                                                                                                                                                                                                        <\/p>\n","protected":false},"excerpt":{"rendered":"<p>HYPERCOURT EXPRESS 2 HB<\/p>\n","protected":false},"featured_media":60452,"template":"","meta":[],"product_brand":[],"product_cat":[371],"product_tag":[26],"class_list":{"0":"post-48326","1":"product","2":"type-product","3":"status-publish","4":"has-post-thumbnail","6":"product_cat-padel_y_tenis_calzado","7":"product_tag-k-swiss","8":"pa_color-unico","9":"pa_talla-151","10":"pa_talla-41-5","11":"pa_talla-153","12":"pa_talla-42-5","13":"pa_talla-155","14":"pa_talla-157","15":"pa_talla-44-5","16":"pa_talla-159","17":"pa_talla-161","18":"thunk-woo-product-list","19":"opn-qv-enable","20":"open-woo-hover-","21":"open-single-product-tab-horizontal","22":"open-shadow-","23":"open-shadow-hover-","25":"first","26":"instock","27":"sale","28":"shipping-taxable","29":"purchasable","30":"product-type-variable"},"jetpack_sharing_enabled":true,"_links":{"self":[{"href":"https:\/\/www.deporteseli.com\/index.php?rest_route=\/wp\/v2\/product\/48326","targetHints":{"allow":["GET"]}}],"collection":[{"href":"https:\/\/www.deporteseli.com\/index.php?rest_route=\/wp\/v2\/product"}],"about":[{"href":"https:\/\/www.deporteseli.com\/index.php?rest_route=\/wp\/v2\/types\/product"}],"wp:featuredmedia":[{"embeddable":true,"href":"https:\/\/www.deporteseli.com\/index.php?rest_route=\/wp\/v2\/media\/60452"}],"wp:attachment":[{"href":"https:\/\/www.deporteseli.com\/index.php?rest_route=%2Fwp%2Fv2%2Fmedia&parent=48326"}],"wp:term":[{"taxonomy":"product_brand","embeddable":true,"href":"https:\/\/www.deporteseli.com\/index.php?rest_route=%2Fwp%2Fv2%2Fproduct_brand&post=48326"},{"taxonomy":"product_cat","embeddable":true,"href":"https:\/\/www.deporteseli.com\/index.php?rest_route=%2Fwp%2Fv2%2Fproduct_cat&post=48326"},{"taxonomy":"product_tag","embeddable":true,"href":"https:\/\/www.deporteseli.com\/index.php?rest_route=%2Fwp%2Fv2%2Fproduct_tag&post=48326"}],"curies":[{"name":"wp","href":"https:\/\/api.w.org\/{rel}","templated":true}]}}