{"id":48305,"date":"2026-01-27T22:00:25","date_gmt":"2026-01-27T22:00:25","guid":{"rendered":"https:\/\/www.deporteseli.com\/?product=botas-joma-gol-2503-artf"},"modified":"2026-01-27T22:00:37","modified_gmt":"2026-01-27T22:00:37","slug":"botas-joma-gol-2503-artf","status":"publish","type":"product","link":"https:\/\/www.deporteseli.com\/?product=botas-joma-gol-2503-artf","title":{"rendered":"BOTAS JOMA GOL 2503 ARTF"},"content":{"rendered":"<p>Vuelve el modelo Gol al cat\u00e1logo de Joma. Se trata de unas botas de f\u00fatbol m\u00e1s econ\u00f3micas recomendadas para futbolistas amateur que quieren disfrutar al m\u00e1ximo del deporte estrella y que buscan velocidad pura. Destinadas a jugar en c\u00e9sped artificial (AG).    Upper confeccionado en material sint\u00e9tico PU sin costuras usando la tecnolog\u00eda ONE PIECE para que sean s\u00faper ligeras. Igualmente, al llevar la tecnolog\u00eda SOCK SYSTEM, ofrecen una sujeci\u00f3n y adaptabilidad \u00f3ptimas. Comodidad ante todo y facilidad a la hora de pon\u00e9rselas y quit\u00e1rselas.    En la parte trasera, cuenta con un contrafuerte EXO COUNTER, que protege la zona y proporciona estabilidad.    La suela es de material sint\u00e9tico de alta calidad con buena resistencia al desgaste por abrasi\u00f3n. Adaptada al tipo de terreno para controlar mejor los movimientos sobre c\u00e9sped artificial. Cuentan con estructura de tacos a\u00f1adidos para distribuir mejor el peso y facilitar el agarre.                                                                                                                                                                                                                                                                                                                                                                                                                                                                                                                                                                                                                                                                                                                                                                                                                                                                                                                                                                                                                                        <\/p>\n","protected":false},"excerpt":{"rendered":"<p>BOTAS JOMA GOL 2503 ARTF<\/p>\n","protected":false},"featured_media":60442,"template":"","meta":[],"product_brand":[],"product_cat":[318],"product_tag":[31],"class_list":{"0":"post-48305","1":"product","2":"type-product","3":"status-publish","4":"has-post-thumbnail","6":"product_cat-deportes_futbol_botas","7":"product_tag-joma","8":"pa_color-unico","9":"pa_talla-40-5","10":"pa_talla-151","11":"pa_talla-153","12":"pa_talla-42-5","13":"pa_talla-155","14":"pa_talla-43-5","15":"pa_talla-157","16":"pa_talla-44-5","17":"pa_talla-159","18":"thunk-woo-product-list","19":"opn-qv-enable","20":"open-woo-hover-","21":"open-single-product-tab-horizontal","22":"open-shadow-","23":"open-shadow-hover-","25":"first","26":"instock","27":"sale","28":"shipping-taxable","29":"purchasable","30":"product-type-variable"},"jetpack_sharing_enabled":true,"_links":{"self":[{"href":"https:\/\/www.deporteseli.com\/index.php?rest_route=\/wp\/v2\/product\/48305","targetHints":{"allow":["GET"]}}],"collection":[{"href":"https:\/\/www.deporteseli.com\/index.php?rest_route=\/wp\/v2\/product"}],"about":[{"href":"https:\/\/www.deporteseli.com\/index.php?rest_route=\/wp\/v2\/types\/product"}],"wp:featuredmedia":[{"embeddable":true,"href":"https:\/\/www.deporteseli.com\/index.php?rest_route=\/wp\/v2\/media\/60442"}],"wp:attachment":[{"href":"https:\/\/www.deporteseli.com\/index.php?rest_route=%2Fwp%2Fv2%2Fmedia&parent=48305"}],"wp:term":[{"taxonomy":"product_brand","embeddable":true,"href":"https:\/\/www.deporteseli.com\/index.php?rest_route=%2Fwp%2Fv2%2Fproduct_brand&post=48305"},{"taxonomy":"product_cat","embeddable":true,"href":"https:\/\/www.deporteseli.com\/index.php?rest_route=%2Fwp%2Fv2%2Fproduct_cat&post=48305"},{"taxonomy":"product_tag","embeddable":true,"href":"https:\/\/www.deporteseli.com\/index.php?rest_route=%2Fwp%2Fv2%2Fproduct_tag&post=48305"}],"curies":[{"name":"wp","href":"https:\/\/api.w.org\/{rel}","templated":true}]}}