{"id":48287,"date":"2026-01-27T22:00:02","date_gmt":"2026-01-27T22:00:02","guid":{"rendered":"https:\/\/www.deporteseli.com\/?product=botas-adidas-ji0040"},"modified":"2026-03-19T05:19:37","modified_gmt":"2026-03-19T05:19:37","slug":"botas-adidas-ji0040","status":"publish","type":"product","link":"https:\/\/www.deporteseli.com\/?product=botas-adidas-ji0040","title":{"rendered":"BOTAS ADIDAS JI0040"},"content":{"rendered":"<p>Descripci\u00f3n  Deja que tu velocidad hable por ti en la pista cubierta. Siente la adrenalina con las botas adidas F50, con un dise\u00f1o imparable. Estas zapatillas de f\u00fatbol Club para adolescentes tienen un empeine sint\u00e9tico ligero y leng\u00fceta perforada que te ofrecen una comodidad extraordinaria. Si les das la vuelta encontrar\u00e1s una suela de goma con tacos, para que juegues a toda velocidad en moqueta artificial.                                                                                                                                                                                                                                                                                                                                                                                                                                                                                                                                                                                                                                                                                                                                                                                                                                                                                                                                                                                                                                        <\/p>\n","protected":false},"excerpt":{"rendered":"<p>BOTAS ADIDAS JI0040<\/p>\n","protected":false},"featured_media":60432,"template":"","meta":[],"product_brand":[],"product_cat":[318],"product_tag":[18],"class_list":{"0":"post-48287","1":"product","2":"type-product","3":"status-publish","4":"has-post-thumbnail","6":"product_cat-deportes_futbol_botas","7":"product_tag-adidas","8":"pa_color-unico","9":"pa_talla-127","10":"pa_talla-131","11":"pa_talla-135","12":"pa_talla-137","13":"pa_talla-139","14":"pa_talla-141","15":"pa_talla-36-5","16":"pa_talla-37-5","17":"pa_talla-145","18":"pa_talla-38-5","19":"thunk-woo-product-list","20":"opn-qv-enable","21":"open-woo-hover-","22":"open-single-product-tab-horizontal","23":"open-shadow-","24":"open-shadow-hover-","26":"first","27":"instock","28":"sale","29":"shipping-taxable","30":"purchasable","31":"product-type-variable"},"jetpack_sharing_enabled":true,"_links":{"self":[{"href":"https:\/\/www.deporteseli.com\/index.php?rest_route=\/wp\/v2\/product\/48287","targetHints":{"allow":["GET"]}}],"collection":[{"href":"https:\/\/www.deporteseli.com\/index.php?rest_route=\/wp\/v2\/product"}],"about":[{"href":"https:\/\/www.deporteseli.com\/index.php?rest_route=\/wp\/v2\/types\/product"}],"wp:featuredmedia":[{"embeddable":true,"href":"https:\/\/www.deporteseli.com\/index.php?rest_route=\/wp\/v2\/media\/60432"}],"wp:attachment":[{"href":"https:\/\/www.deporteseli.com\/index.php?rest_route=%2Fwp%2Fv2%2Fmedia&parent=48287"}],"wp:term":[{"taxonomy":"product_brand","embeddable":true,"href":"https:\/\/www.deporteseli.com\/index.php?rest_route=%2Fwp%2Fv2%2Fproduct_brand&post=48287"},{"taxonomy":"product_cat","embeddable":true,"href":"https:\/\/www.deporteseli.com\/index.php?rest_route=%2Fwp%2Fv2%2Fproduct_cat&post=48287"},{"taxonomy":"product_tag","embeddable":true,"href":"https:\/\/www.deporteseli.com\/index.php?rest_route=%2Fwp%2Fv2%2Fproduct_tag&post=48287"}],"curies":[{"name":"wp","href":"https:\/\/api.w.org\/{rel}","templated":true}]}}