{"id":48274,"date":"2026-01-27T21:59:46","date_gmt":"2026-01-27T21:59:46","guid":{"rendered":"https:\/\/www.deporteseli.com\/?product=botas-adidas-jh8864"},"modified":"2026-04-15T04:17:51","modified_gmt":"2026-04-15T04:17:51","slug":"botas-adidas-jh8864","status":"publish","type":"product","link":"https:\/\/www.deporteseli.com\/?product=botas-adidas-jh8864","title":{"rendered":"BOTAS ADIDAS JH8864"},"content":{"rendered":"<p>Descripci\u00f3n  Descubre la diferencia entre aspirar a marcar y saber que lo har\u00e1s con la bota adidas Predator, dise\u00f1ada para marcar goles. Estas botas de f\u00fatbol para adolescentes cuentan con un empeine sint\u00e9tico revestido con textura Strikeprint de gran agarre, para un control del bal\u00f3n insuperable. La suela de goma con tacos est\u00e1 dise\u00f1ada para que siempre encuentres la mejor posici\u00f3n en los campos de moqueta artificial.                                                                                                                                                                                                                                                                                                                                                                                                                                                                                                                                                                                                                                                                                                                                                                                                                                                                                                                                                                                                                                        <\/p>\n","protected":false},"excerpt":{"rendered":"<p>BOTAS ADIDAS JH8864<\/p>\n","protected":false},"featured_media":60429,"template":"","meta":[],"product_brand":[],"product_cat":[318],"product_tag":[18],"class_list":{"0":"post-48274","1":"product","2":"type-product","3":"status-publish","4":"has-post-thumbnail","6":"product_cat-deportes_futbol_botas","7":"product_tag-adidas","8":"pa_color-unico","9":"pa_talla-127","10":"pa_talla-129","11":"pa_talla-131","12":"pa_talla-133","13":"pa_talla-135","14":"pa_talla-137","15":"pa_talla-139","16":"pa_talla-141","17":"pa_talla-36-5","18":"pa_talla-37-5","19":"pa_talla-145","20":"pa_talla-38-5","21":"thunk-woo-product-list","22":"opn-qv-enable","23":"open-woo-hover-","24":"open-single-product-tab-horizontal","25":"open-shadow-","26":"open-shadow-hover-","28":"first","29":"instock","30":"sale","31":"shipping-taxable","32":"purchasable","33":"product-type-variable"},"jetpack_sharing_enabled":true,"_links":{"self":[{"href":"https:\/\/www.deporteseli.com\/index.php?rest_route=\/wp\/v2\/product\/48274","targetHints":{"allow":["GET"]}}],"collection":[{"href":"https:\/\/www.deporteseli.com\/index.php?rest_route=\/wp\/v2\/product"}],"about":[{"href":"https:\/\/www.deporteseli.com\/index.php?rest_route=\/wp\/v2\/types\/product"}],"wp:featuredmedia":[{"embeddable":true,"href":"https:\/\/www.deporteseli.com\/index.php?rest_route=\/wp\/v2\/media\/60429"}],"wp:attachment":[{"href":"https:\/\/www.deporteseli.com\/index.php?rest_route=%2Fwp%2Fv2%2Fmedia&parent=48274"}],"wp:term":[{"taxonomy":"product_brand","embeddable":true,"href":"https:\/\/www.deporteseli.com\/index.php?rest_route=%2Fwp%2Fv2%2Fproduct_brand&post=48274"},{"taxonomy":"product_cat","embeddable":true,"href":"https:\/\/www.deporteseli.com\/index.php?rest_route=%2Fwp%2Fv2%2Fproduct_cat&post=48274"},{"taxonomy":"product_tag","embeddable":true,"href":"https:\/\/www.deporteseli.com\/index.php?rest_route=%2Fwp%2Fv2%2Fproduct_tag&post=48274"}],"curies":[{"name":"wp","href":"https:\/\/api.w.org\/{rel}","templated":true}]}}