{"id":48269,"date":"2026-01-27T21:59:40","date_gmt":"2026-01-27T21:59:40","guid":{"rendered":"https:\/\/www.deporteseli.com\/?product=tenis-adidas-ie3549"},"modified":"2026-01-27T21:59:45","modified_gmt":"2026-01-27T21:59:45","slug":"tenis-adidas-ie3549","status":"publish","type":"product","link":"https:\/\/www.deporteseli.com\/?product=tenis-adidas-ie3549","title":{"rendered":"TENIS ADIDAS IE3549"},"content":{"rendered":"<p>Un estilo c\u00f3modo para pies fugaces  Con esta zapatilla adidas, tu peque ser\u00e1 el protagonista de mil y una aventuras. El empeine de malla es ligero y transpirable, mientras que el cierre cl\u00e1sico de cordones y la correa superior autoadherente garantizan un ajuste inmejorable. La mediasuela de EVA proporciona una pisada m\u00e1s c\u00f3moda mientras corre por el parque o descubre nuevos espacios.    Este producto contiene al menos un 20% de materiales reciclados. Utilizando materiales reciclados, reducimos los residuos, nuestra dependencia de los recursos finitos y la huella que generan los productos que fabricamos.                                                                                                                                                                                                                                                                                                                                                                                                                                                                                                                                                                                                                                                                                                                                                                                                                                                                                                                                                                                                                                        <\/p>\n","protected":false},"excerpt":{"rendered":"<p>TENIS ADIDAS IE3549<\/p>\n","protected":false},"featured_media":60424,"template":"","meta":[],"product_brand":[],"product_cat":[308],"product_tag":[18],"class_list":{"0":"post-48269","1":"product","2":"type-product","3":"status-publish","4":"has-post-thumbnail","6":"product_cat-nino_calzado_running","7":"product_tag-adidas","8":"pa_color-unico","9":"pa_talla-37-5","10":"pa_talla-145","11":"pa_talla-38-5","12":"pa_talla-149","13":"thunk-woo-product-list","14":"opn-qv-enable","15":"open-woo-hover-","16":"open-single-product-tab-horizontal","17":"open-shadow-","18":"open-shadow-hover-","20":"first","21":"instock","22":"sale","23":"shipping-taxable","24":"purchasable","25":"product-type-variable"},"jetpack_sharing_enabled":true,"_links":{"self":[{"href":"https:\/\/www.deporteseli.com\/index.php?rest_route=\/wp\/v2\/product\/48269","targetHints":{"allow":["GET"]}}],"collection":[{"href":"https:\/\/www.deporteseli.com\/index.php?rest_route=\/wp\/v2\/product"}],"about":[{"href":"https:\/\/www.deporteseli.com\/index.php?rest_route=\/wp\/v2\/types\/product"}],"wp:featuredmedia":[{"embeddable":true,"href":"https:\/\/www.deporteseli.com\/index.php?rest_route=\/wp\/v2\/media\/60424"}],"wp:attachment":[{"href":"https:\/\/www.deporteseli.com\/index.php?rest_route=%2Fwp%2Fv2%2Fmedia&parent=48269"}],"wp:term":[{"taxonomy":"product_brand","embeddable":true,"href":"https:\/\/www.deporteseli.com\/index.php?rest_route=%2Fwp%2Fv2%2Fproduct_brand&post=48269"},{"taxonomy":"product_cat","embeddable":true,"href":"https:\/\/www.deporteseli.com\/index.php?rest_route=%2Fwp%2Fv2%2Fproduct_cat&post=48269"},{"taxonomy":"product_tag","embeddable":true,"href":"https:\/\/www.deporteseli.com\/index.php?rest_route=%2Fwp%2Fv2%2Fproduct_tag&post=48269"}],"curies":[{"name":"wp","href":"https:\/\/api.w.org\/{rel}","templated":true}]}}