{"id":48251,"date":"2026-01-27T21:59:17","date_gmt":"2026-01-27T21:59:17","guid":{"rendered":"https:\/\/www.deporteseli.com\/?product=chandal-adidas-jw2461"},"modified":"2026-03-07T06:39:46","modified_gmt":"2026-03-07T06:39:46","slug":"chandal-adidas-jw2461","status":"publish","type":"product","link":"https:\/\/www.deporteseli.com\/?product=chandal-adidas-jw2461","title":{"rendered":"CHANDAL ADIDAS JW2461"},"content":{"rendered":"<p>Conjunto de joggers Essentials para ni\u00f1os  Un conjunto c\u00f3modo para beb\u00e9s siempre en movimiento, fabricado en parte con una mezcla de materiales reciclados y renovables.  Estos joggers adidas para beb\u00e9 est\u00e1n dise\u00f1ados para los m\u00e1s peque\u00f1os que siempre est\u00e1n en movimiento. Su suave tejido French terry los mantiene c\u00f3modos, ya sea jugando o durmiendo la siesta. Los pu\u00f1os acanalados y la cintura el\u00e1stica se mantienen en su lugar durante todas sus aventuras. Al optar por materiales reciclados, podemos reutilizar materiales ya creados, lo que ayuda a reducir los residuos. La elecci\u00f3n de materiales renovables nos ayuda a reducir nuestra dependencia de recursos finitos. Nuestros productos, fabricados con una mezcla de materiales reciclados y renovables, contienen al menos un 70 % de estos materiales.                                                                                                                                                                                                                                                                                                                                                                                                                                                                                                                                                                                                                                                                                                                                                                                                                                                                                                                                                                                                                                        <\/p>\n","protected":false},"excerpt":{"rendered":"<p>CHANDAL ADIDAS JW2461<\/p>\n","protected":false},"featured_media":60412,"template":"","meta":[],"product_brand":[],"product_cat":[298],"product_tag":[18],"class_list":{"0":"post-48251","1":"product","2":"type-product","3":"status-publish","4":"has-post-thumbnail","6":"product_cat-nino_textil_chandals","7":"product_tag-adidas","8":"pa_color-unico","9":"pa_talla-12-meses","10":"pa_talla-18-meses","11":"pa_talla-103","12":"pa_talla-167","13":"pa_talla-168","14":"thunk-woo-product-list","15":"opn-qv-enable","16":"open-woo-hover-","17":"open-single-product-tab-horizontal","18":"open-shadow-","19":"open-shadow-hover-","21":"first","22":"instock","23":"shipping-taxable","24":"purchasable","25":"product-type-variable"},"jetpack_sharing_enabled":true,"_links":{"self":[{"href":"https:\/\/www.deporteseli.com\/index.php?rest_route=\/wp\/v2\/product\/48251","targetHints":{"allow":["GET"]}}],"collection":[{"href":"https:\/\/www.deporteseli.com\/index.php?rest_route=\/wp\/v2\/product"}],"about":[{"href":"https:\/\/www.deporteseli.com\/index.php?rest_route=\/wp\/v2\/types\/product"}],"wp:featuredmedia":[{"embeddable":true,"href":"https:\/\/www.deporteseli.com\/index.php?rest_route=\/wp\/v2\/media\/60412"}],"wp:attachment":[{"href":"https:\/\/www.deporteseli.com\/index.php?rest_route=%2Fwp%2Fv2%2Fmedia&parent=48251"}],"wp:term":[{"taxonomy":"product_brand","embeddable":true,"href":"https:\/\/www.deporteseli.com\/index.php?rest_route=%2Fwp%2Fv2%2Fproduct_brand&post=48251"},{"taxonomy":"product_cat","embeddable":true,"href":"https:\/\/www.deporteseli.com\/index.php?rest_route=%2Fwp%2Fv2%2Fproduct_cat&post=48251"},{"taxonomy":"product_tag","embeddable":true,"href":"https:\/\/www.deporteseli.com\/index.php?rest_route=%2Fwp%2Fv2%2Fproduct_tag&post=48251"}],"curies":[{"name":"wp","href":"https:\/\/api.w.org\/{rel}","templated":true}]}}