{"id":48212,"date":"2026-01-27T21:58:26","date_gmt":"2026-01-27T21:58:26","guid":{"rendered":"https:\/\/www.deporteseli.com\/?product=camiseta-cdt-25-26-tercera"},"modified":"2026-01-27T21:58:28","modified_gmt":"2026-01-27T21:58:28","slug":"camiseta-cdt-25-26-tercera","status":"publish","type":"product","link":"https:\/\/www.deporteseli.com\/?product=camiseta-cdt-25-26-tercera","title":{"rendered":"CAMISETA CDT 25\/26 TERCERA"},"content":{"rendered":"<p>Tercera camiseta del CD Tenerife 25\/26  Dise\u00f1o degradado en rosa, blanco y turquesa.  Inspirado en los colores del sol y el verano en Tenerife  100% poli\u00e9ster reciclado  Tecnolog\u00eda BEECOOL\u00ae para una comodidad seca  Escudo del club y logotipo de Hummel en el pecho.  Cuello en V  Paneles laterales con chevrones de Hummel  Cinta de cuello Chevron  Impresi\u00f3n de espejo de cuello  Ajuste: Regular  N\u00famero de producto: 231343-4317  La camiseta de manga corta del CD TENERIFE 25\/26 combina suaves degradados de rosa, blanco y turquesa en un dise\u00f1o vibrante que evoca la sensaci\u00f3n del sol y el verano, y un homenaje a la isla de Tenerife. La camiseta presenta un cl\u00e1sico cuello en V, paneles laterales en contraste con galones de Hummel y est\u00e1 rematada con el escudo del club y el logotipo de Hummel en el pecho. Est\u00e1 confeccionada en poli\u00e9ster 100 % reciclado con tecnolog\u00eda BEECOOL\u00ae para una comodidad transpirable y que absorbe la humedad. La cinta del cuello con galones y el estampado de espejo en el cuello completan el look.                                                                                                                                                                                                                                                                                                                                                                                                                                                                                                                                                                                                                                                                                                                                                                                                                                                                                                                                                                                                                                        <\/p>\n","protected":false},"excerpt":{"rendered":"<p>CAMISETA CDT 25\/26 TERCERA<\/p>\n","protected":false},"featured_media":60399,"template":"","meta":[],"product_brand":[],"product_cat":[245],"product_tag":[55],"class_list":{"0":"post-48212","1":"product","2":"type-product","3":"status-publish","4":"has-post-thumbnail","6":"product_cat-hombre_textil_camisetas","7":"product_tag-hummel","8":"pa_color-unico","9":"pa_talla-xl","10":"thunk-woo-product-list","11":"opn-qv-enable","12":"open-woo-hover-","13":"open-single-product-tab-horizontal","14":"open-shadow-","15":"open-shadow-hover-","17":"first","18":"instock","19":"sale","20":"shipping-taxable","21":"purchasable","22":"product-type-variable"},"jetpack_sharing_enabled":true,"_links":{"self":[{"href":"https:\/\/www.deporteseli.com\/index.php?rest_route=\/wp\/v2\/product\/48212","targetHints":{"allow":["GET"]}}],"collection":[{"href":"https:\/\/www.deporteseli.com\/index.php?rest_route=\/wp\/v2\/product"}],"about":[{"href":"https:\/\/www.deporteseli.com\/index.php?rest_route=\/wp\/v2\/types\/product"}],"wp:featuredmedia":[{"embeddable":true,"href":"https:\/\/www.deporteseli.com\/index.php?rest_route=\/wp\/v2\/media\/60399"}],"wp:attachment":[{"href":"https:\/\/www.deporteseli.com\/index.php?rest_route=%2Fwp%2Fv2%2Fmedia&parent=48212"}],"wp:term":[{"taxonomy":"product_brand","embeddable":true,"href":"https:\/\/www.deporteseli.com\/index.php?rest_route=%2Fwp%2Fv2%2Fproduct_brand&post=48212"},{"taxonomy":"product_cat","embeddable":true,"href":"https:\/\/www.deporteseli.com\/index.php?rest_route=%2Fwp%2Fv2%2Fproduct_cat&post=48212"},{"taxonomy":"product_tag","embeddable":true,"href":"https:\/\/www.deporteseli.com\/index.php?rest_route=%2Fwp%2Fv2%2Fproduct_tag&post=48212"}],"curies":[{"name":"wp","href":"https:\/\/api.w.org\/{rel}","templated":true}]}}