{"id":48209,"date":"2026-01-27T21:58:22","date_gmt":"2026-01-27T21:58:22","guid":{"rendered":"https:\/\/www.deporteseli.com\/?product=camiseta-de-visita-cdt-25-26"},"modified":"2026-02-28T05:20:07","modified_gmt":"2026-02-28T05:20:07","slug":"camiseta-de-visita-cdt-25-26","status":"publish","type":"product","link":"https:\/\/www.deporteseli.com\/?product=camiseta-de-visita-cdt-25-26","title":{"rendered":"CAMISETA DE VISITA CDT 25\/26"},"content":{"rendered":"<p>Camiseta oficial visitante del CD Tenerife  Color escarlata intenso con contrastes dorados y blancos.  Tejido t\u00e9cnico 100% poli\u00e9ster reciclado  Tecnolog\u00eda BEECOOL\u00ae para el control de la humedad  Escudo dorado del club y logotipo de Hummel  Etiqueta aut\u00e9ntica de Hummel tejida  Ajuste: Regular  N\u00famero de producto: 231327-3399  La CAMISETA DE VISITA CDT 25\/26 DE M\/V se presenta en un intenso rojo escarlata, con detalles en blanco malvavisco y dorado. Los paneles laterales lucen los ic\u00f3nicos chevrones dorados, mientras que el cuello en V acanalado luce un estampado en contraste. La camiseta incluye el escudo dorado del club y el logotipo de Hummel en el pecho, adem\u00e1s de una etiqueta Authentic tejida y una cinta de chevrones en el cuello. Est\u00e1 confeccionada con poli\u00e9ster 100 % reciclado en un tejido t\u00e9cnico transpirable y con tecnolog\u00eda BEECOOL\u00ae para mayor comodidad y absorci\u00f3n de la humedad.                                                                                                                                                                                                                                                                                                                                                                                                                                                                                                                                                                                                                                                                                                                                                                                                                                                                                                                                                                                                                                        <\/p>\n","protected":false},"excerpt":{"rendered":"<p>CAMISETA DE VISITA CDT 25\/26<\/p>\n","protected":false},"featured_media":60397,"template":"","meta":[],"product_brand":[],"product_cat":[245],"product_tag":[55],"class_list":{"0":"post-48209","1":"product","2":"type-product","3":"status-publish","4":"has-post-thumbnail","6":"product_cat-hombre_textil_camisetas","7":"product_tag-hummel","8":"pa_color-unico","9":"pa_talla-l","10":"pa_talla-m","11":"thunk-woo-product-list","12":"opn-qv-enable","13":"open-woo-hover-","14":"open-single-product-tab-horizontal","15":"open-shadow-","16":"open-shadow-hover-","18":"first","19":"instock","20":"sale","21":"shipping-taxable","22":"purchasable","23":"product-type-variable"},"jetpack_sharing_enabled":true,"_links":{"self":[{"href":"https:\/\/www.deporteseli.com\/index.php?rest_route=\/wp\/v2\/product\/48209","targetHints":{"allow":["GET"]}}],"collection":[{"href":"https:\/\/www.deporteseli.com\/index.php?rest_route=\/wp\/v2\/product"}],"about":[{"href":"https:\/\/www.deporteseli.com\/index.php?rest_route=\/wp\/v2\/types\/product"}],"wp:featuredmedia":[{"embeddable":true,"href":"https:\/\/www.deporteseli.com\/index.php?rest_route=\/wp\/v2\/media\/60397"}],"wp:attachment":[{"href":"https:\/\/www.deporteseli.com\/index.php?rest_route=%2Fwp%2Fv2%2Fmedia&parent=48209"}],"wp:term":[{"taxonomy":"product_brand","embeddable":true,"href":"https:\/\/www.deporteseli.com\/index.php?rest_route=%2Fwp%2Fv2%2Fproduct_brand&post=48209"},{"taxonomy":"product_cat","embeddable":true,"href":"https:\/\/www.deporteseli.com\/index.php?rest_route=%2Fwp%2Fv2%2Fproduct_cat&post=48209"},{"taxonomy":"product_tag","embeddable":true,"href":"https:\/\/www.deporteseli.com\/index.php?rest_route=%2Fwp%2Fv2%2Fproduct_tag&post=48209"}],"curies":[{"name":"wp","href":"https:\/\/api.w.org\/{rel}","templated":true}]}}